{"id":8,"date":"2024-09-26T06:58:19","date_gmt":"2024-09-26T06:58:19","guid":{"rendered":"https:\/\/youtubemp4free.com\/?page_id=8"},"modified":"2024-09-27T08:55:22","modified_gmt":"2024-09-27T08:55:22","slug":"terms-of-service","status":"publish","type":"page","link":"https:\/\/youtubemp4free.com\/de\/terms-of-service\/","title":{"rendered":"Bedingungen der Dienstleistung"},"content":{"rendered":"<p><!-- Terms of Service Page for YouTubeMP4Free.com --><\/p>\n<section class=\"terms-of-service\">\n<div class=\"container\"><!-- Page Title --><!-- Effective Date --><\/p>\n<p><strong>Datum des Inkrafttretens:<\/strong> 26. Juli 2024<\/p>\n<p><!-- 1. Introduction --><\/p>\n<div class=\"tos-section\">\n<h2>1. Einleitung<\/h2>\n<p>Willkommen bei <strong>YouTubeMP4Free.com<\/strong> (\"wir\", \"unser\", \"uns\"). Diese Nutzungsbedingungen (\"Bedingungen\") regeln Ihren Zugang zu und Ihre Nutzung unserer Website und Dienste (zusammenfassend als \"Dienst\" bezeichnet). Indem Sie auf unseren Service zugreifen oder ihn nutzen, erkl\u00e4ren Sie sich damit einverstanden, diese Bedingungen einzuhalten und an sie gebunden zu sein. Wenn Sie mit diesen Bedingungen nicht einverstanden sind, nutzen Sie unseren Service bitte nicht.<\/p>\n<\/div>\n<p><!-- 2. Use of the Service --><\/p>\n<div class=\"tos-section\">\n<h2>2. Nutzung des Dienstes<\/h2>\n<h3>2.1 Anspruchsberechtigung<\/h3>\n<p>Sie m\u00fcssen mindestens 13 Jahre alt sein, um unseren Service nutzen zu k\u00f6nnen. Durch die Nutzung des Dienstes erkl\u00e4ren und garantieren Sie, dass Sie diese Altersvoraussetzung erf\u00fcllen.<\/p>\n<h3>2.2 Lizenz<\/h3>\n<p>Wir gew\u00e4hren Ihnen eine begrenzte, nicht ausschlie\u00dfliche, nicht \u00fcbertragbare und widerrufliche Lizenz zur Nutzung des Dienstes in \u00dcbereinstimmung mit diesen Bedingungen.<\/p>\n<h3>2.3 Beschr\u00e4nkungen<\/h3>\n<p>Sie stimmen zu, dies nicht zu tun:<\/p>\n<ul>\n<li>den Dienst f\u00fcr ungesetzliche Zwecke oder unter Versto\u00df gegen geltende Gesetze und Vorschriften zu nutzen.<\/li>\n<li>den Dienst zu ver\u00e4ndern, anzupassen, zu \u00fcbersetzen oder davon abgeleitete Werke zu erstellen.<\/li>\n<li>den Quellcode des Dienstes zur\u00fcckzuentwickeln, zu dekompilieren, zu disassemblieren oder anderweitig zu versuchen, ihn zu ermitteln.<\/li>\n<li>den Dienst zu nutzen, um die geistigen Eigentumsrechte anderer zu verletzen.<\/li>\n<li>Sch\u00e4dliche oder b\u00f6sartige Inhalte \u00fcber den Dienst zu \u00fcbertragen.<\/li>\n<\/ul>\n<\/div>\n<p><!-- 3. User Content --><\/p>\n<div class=\"tos-section\">\n<h2>3. Benutzer Inhalt<\/h2>\n<h3>3.1 Verantwortung<\/h3>\n<p>Sie sind allein verantwortlich f\u00fcr alle Inhalte, die Sie hochladen, freigeben oder anderweitig \u00fcber den Dienst \u00fcbertragen. Dazu geh\u00f6rt, dass Sie sicherstellen, dass Sie die erforderlichen Rechte und Genehmigungen f\u00fcr die Nutzung und Weitergabe solcher Inhalte haben.<\/p>\n<h3>3.2 Verbotene Inhalte<\/h3>\n<p>Sie erkl\u00e4ren sich damit einverstanden, keine Inhalte hochzuladen, zu teilen oder zu \u00fcbertragen, die:<\/p>\n<ul>\n<li>die Rechte am geistigen Eigentum anderer verletzen.<\/li>\n<li>Enth\u00e4lt Viren, Malware oder andere sch\u00e4dliche Komponenten.<\/li>\n<li>verleumderisch, obsz\u00f6n oder beleidigend ist.<\/li>\n<li>gegen geltende Gesetze oder Vorschriften verst\u00f6\u00dft.<\/li>\n<\/ul>\n<\/div>\n<p><!-- 4. Intellectual Property --><\/p>\n<div class=\"tos-section\">\n<h2>4. Geistiges Eigentum<\/h2>\n<p>Alle Inhalte, Merkmale und Funktionen des Dienstes, einschlie\u00dflich, aber nicht beschr\u00e4nkt auf Texte, Grafiken, Logos und Software, sind das ausschlie\u00dfliche Eigentum von <strong>YouTubeMP4Free.com<\/strong> oder seinen Lizenzgebern und sind durch internationale Urheberrechts-, Marken- und andere Gesetze zum Schutz geistigen Eigentums gesch\u00fctzt.<\/p>\n<\/div>\n<p><!-- 5. Disclaimer of Warranties --><\/p>\n<div class=\"tos-section\">\n<h2>5. Ausschluss von Garantien<\/h2>\n<p>Der Dienst wird \"wie besehen\" und \"wie verf\u00fcgbar\" ohne jegliche ausdr\u00fcckliche oder stillschweigende Garantie zur Verf\u00fcgung gestellt. Wir garantieren nicht, dass der Dienst ununterbrochen, fehlerfrei oder frei von Viren oder anderen sch\u00e4dlichen Komponenten sein wird.<\/p>\n<\/div>\n<p><!-- 6. Limitation of Liability --><\/p>\n<div class=\"tos-section\">\n<h2>6. Begrenzung der Haftung<\/h2>\n<p>Im gr\u00f6\u00dftm\u00f6glichen gesetzlich zul\u00e4ssigen Umfang, <strong>YouTubeMP4Free.com<\/strong> haftet nicht f\u00fcr indirekte, zuf\u00e4llige, besondere oder Folgesch\u00e4den, einschlie\u00dflich, aber nicht beschr\u00e4nkt auf entgangene Gewinne, Daten oder andere immaterielle Verluste, die sich aus<\/p>\n<ul>\n<li>Ihre Nutzung oder Unf\u00e4higkeit zur Nutzung des Dienstes.<\/li>\n<li>Jeglichen unbefugten Zugriff auf oder die Nutzung unserer Server und\/oder der darin gespeicherten pers\u00f6nlichen Daten.<\/li>\n<li>Bugs, Viren oder andere sch\u00e4dliche Komponenten, die Ihr Ger\u00e4t infizieren k\u00f6nnten.<\/li>\n<\/ul>\n<\/div>\n<p><!-- 7. Indemnification --><\/p>\n<div class=\"tos-section\">\n<h2>7. Entsch\u00e4digung<\/h2>\n<p>Sie verpflichten sich, folgende Personen zu entsch\u00e4digen, zu verteidigen und schadlos zu halten <strong>YouTubeMP4Free.com<\/strong>, seine verbundenen Unternehmen, leitenden Angestellten, Direktoren, Mitarbeiter und Vertreter von und gegen alle Anspr\u00fcche, Haftungen, Sch\u00e4den, Verluste und Ausgaben, einschlie\u00dflich angemessener Anwaltsgeb\u00fchren und -kosten, die sich aus Ihrem Zugriff auf oder Ihrer Nutzung des Dienstes ergeben oder in irgendeiner Weise damit verbunden sind.<\/p>\n<\/div>\n<p><!-- 8. Termination --><\/p>\n<div class=\"tos-section\">\n<h2>8. Beendigung<\/h2>\n<p>Wir behalten uns das Recht vor, Ihren Zugang zum Dienst ohne vorherige Ank\u00fcndigung oder Haftung aus beliebigen Gr\u00fcnden auszusetzen oder zu beenden, auch wenn Sie gegen diese Bedingungen versto\u00dfen. Mit der Beendigung erlischt Ihr Recht zur Nutzung des Dienstes sofort.<\/p>\n<\/div>\n<p><!-- 9. Governing Law --><\/p>\n<div class=\"tos-section\">\n<h2>9. Geltendes Recht<\/h2>\n<p>Diese Bedingungen unterliegen den Gesetzen von [Ihrem Land\/Staat], ohne R\u00fccksicht auf kollisionsrechtliche Bestimmungen, und sind entsprechend auszulegen.<\/p>\n<\/div>\n<p><!-- 10. Changes to the Terms --><\/p>\n<div class=\"tos-section\">\n<h2>10. \u00c4nderungen der Bedingungen<\/h2>\n<p>Wir behalten uns das Recht vor, diese Bedingungen jederzeit zu \u00e4ndern oder zu ersetzen. Wenn eine \u00c4nderung wesentlich ist, werden wir Sie mindestens 30 Tage vor dem Inkrafttreten der neuen Bedingungen informieren. Was eine wesentliche \u00c4nderung darstellt, wird von uns nach eigenem Ermessen festgelegt. Indem Sie nach Inkrafttreten dieser \u00c4nderungen weiterhin auf unseren Service zugreifen oder ihn nutzen, erkl\u00e4ren Sie sich mit den \u00fcberarbeiteten Bedingungen einverstanden.<\/p>\n<\/div>\n<p><!-- 11. Contact Us --><\/p>\n<div class=\"tos-section\">\n<h2>11. Kontakt<\/h2>\n<p>Wenn Sie Fragen zu diesen Bedingungen haben, wenden Sie sich bitte an uns:<\/p>\n<ul>\n<li><strong>E-Mail:<\/strong> <a href=\"mailto:support@youtubemp4free.com\">support@youtubemp4free.com<\/a><\/li>\n<\/ul>\n<\/div>\n<p><!-- 12. Acknowledgment --><\/p>\n<div class=\"tos-section\">\n<h2>12. Danksagung<\/h2>\n<p>Indem Sie unseren Service nutzen, best\u00e4tigen Sie, dass Sie diese Nutzungsbedingungen gelesen haben und sich mit ihnen einverstanden erkl\u00e4ren.<\/p>\n<\/div>\n<\/div>\n<\/section>","protected":false},"excerpt":{"rendered":"<p>G\u00fcltigkeitsdatum: 26. Juli 2024 1. Einleitung Willkommen bei YouTubeMP4Free.com (\"wir\", \"unser\", \"uns\"). Diese Nutzungsbedingungen (\"Bedingungen\") regeln Ihren Zugang zu und Ihre Nutzung unserer Website und Dienste (zusammenfassend als \"Dienst\" bezeichnet). Indem Sie auf unseren Service zugreifen oder ihn nutzen, erkl\u00e4ren Sie sich damit einverstanden, diese Bedingungen einzuhalten und an sie gebunden zu sein. Wenn Sie nicht zustimmen [...]<\/p>","protected":false},"author":1,"featured_media":0,"parent":0,"menu_order":0,"comment_status":"closed","ping_status":"closed","template":"","meta":{"footnotes":""},"class_list":["post-8","page","type-page","status-publish","hentry"],"_links":{"self":[{"href":"https:\/\/youtubemp4free.com\/de\/wp-json\/wp\/v2\/pages\/8","targetHints":{"allow":["GET"]}}],"collection":[{"href":"https:\/\/youtubemp4free.com\/de\/wp-json\/wp\/v2\/pages"}],"about":[{"href":"https:\/\/youtubemp4free.com\/de\/wp-json\/wp\/v2\/types\/page"}],"author":[{"embeddable":true,"href":"https:\/\/youtubemp4free.com\/de\/wp-json\/wp\/v2\/users\/1"}],"replies":[{"embeddable":true,"href":"https:\/\/youtubemp4free.com\/de\/wp-json\/wp\/v2\/comments?post=8"}],"version-history":[{"count":0,"href":"https:\/\/youtubemp4free.com\/de\/wp-json\/wp\/v2\/pages\/8\/revisions"}],"wp:attachment":[{"href":"https:\/\/youtubemp4free.com\/de\/wp-json\/wp\/v2\/media?parent=8"}],"curies":[{"name":"wp","href":"https:\/\/api.w.org\/{rel}","templated":true}]}}