{"id":9,"date":"2024-09-26T06:59:05","date_gmt":"2024-09-26T06:59:05","guid":{"rendered":"https:\/\/youtubemp4free.com\/?page_id=9"},"modified":"2024-09-27T13:44:10","modified_gmt":"2024-09-27T13:44:10","slug":"contact-us","status":"publish","type":"page","link":"https:\/\/youtubemp4free.com\/de\/contact-us\/","title":{"rendered":"Kontakt"},"content":{"rendered":"<p><!-- Contact Us Page for YouTubeMP4Free.com --><\/p>\n<section class=\"contact-us\">\n<div class=\"container\"><!-- Page Title --><!-- Introduction -->Wir sind f\u00fcr Sie da! Wenn Sie Fragen haben, uns Feedback geben m\u00f6chten oder Hilfe bei der Nutzung unserer Dienste ben\u00f6tigen, k\u00f6nnen Sie sich jederzeit mit uns in Verbindung setzen. Unser Team ist bestrebt, Ihnen die Unterst\u00fctzung zu bieten, die Sie ben\u00f6tigen.<!-- Email Us Section --><\/p>\n<div class=\"contact-section\">\n<h2>E-Mail<\/h2>\n<p>F\u00fcr Anfragen oder Supportanfragen wenden Sie sich bitte per E-Mail an uns:<\/p>\n<p><a href=\"mailto:support@youtubemp4free.com\">support@youtubemp4free.com<\/a><\/p>\n<p>Wir bem\u00fchen uns, alle E-Mails an Werktagen innerhalb von 24-48 Stunden zu beantworten.<\/p>\n<\/div>\n<p><!-- Connect on Social Media Section --><\/p>\n<div class=\"contact-section\">\n<h2>Verbindung \u00fcber soziale Medien<\/h2>\n<p>Bleiben Sie auf dem Laufenden und verbinden Sie sich mit uns \u00fcber unsere Social-Media-Kan\u00e4le:<\/p>\n<ul>\n<li><strong>Facebook:<\/strong> <a href=\"https:\/\/www.facebook.com\/YouTubeMP4Free\" target=\"_blank\" rel=\"noopener\">facebook.com\/YouTubeMP4Free<\/a><\/li>\n<li><strong>Twitter:<\/strong> <a href=\"https:\/\/twitter.com\/YouTubeMP4Free\" target=\"_blank\" rel=\"noopener\">@YouTubeMP4Free<\/a><\/li>\n<li><strong>Instagram:<\/strong> <a href=\"https:\/\/instagram.com\/YouTubeMP4Free\" target=\"_blank\" rel=\"noopener\">instagram.com\/YouTubeMP4Free<\/a><\/li>\n<\/ul>\n<p>Schicken Sie uns eine Nachricht oder markieren Sie uns in Ihren Beitr\u00e4gen - wir w\u00fcrden uns freuen, von Ihnen zu h\u00f6ren!<\/p>\n<\/div>\n<p><!-- Frequently Asked Questions Section --><\/p>\n<div class=\"contact-section\">\n<h2>H\u00e4ufig gestellte Fragen (FAQ)<\/h2>\n<p>Bevor Sie sich an uns wenden, finden Sie vielleicht Antworten auf allgemeine Fragen in unserer <a href=\"https:\/\/youtubemp4free.com\/de\/faq\/\">FAQ-Bereich<\/a>. Er deckt eine Reihe von Themen ab, die Ihnen helfen, unsere Dienste optimal zu nutzen.<\/p>\n<\/div>\n<p><!-- Join Our Community Section --><\/p>\n<div class=\"contact-section\">\n<h2>Werden Sie Mitglied unserer Gemeinschaft<\/h2>\n<p>Tauschen Sie sich mit anderen Nutzern aus und bleiben Sie \u00fcber die neuesten Updates informiert, indem Sie unserer Community beitreten:<\/p>\n<ul>\n<li><strong>Diskord:<\/strong> <a href=\"https:\/\/discord.gg\/YouTubeMP4Free\" target=\"_blank\" rel=\"noopener\">discord.gg\/YouTubeMP4Free<\/a><\/li>\n<li><strong>Reddit:<\/strong> <a href=\"https:\/\/reddit.com\/r\/YouTubeMP4Free\" target=\"_blank\" rel=\"noopener\">reddit.com\/r\/YouTubeMP4Free<\/a><\/li>\n<\/ul>\n<\/div>\n<p><!-- Feedback and Suggestions Section --><\/p>\n<div class=\"contact-section\">\n<h2>Feedback und Vorschl\u00e4ge<\/h2>\n<p>Ihr Feedback hilft uns, uns zu verbessern! Wenn Sie Vorschl\u00e4ge oder Ideen haben, wie wir unsere Dienstleistungen verbessern k\u00f6nnen, lassen Sie es uns bitte per E-Mail oder \u00fcber unsere Social-Media-Kan\u00e4le wissen.<\/p>\n<\/div>\n<p><!-- Our Address Section --><\/p>\n<div class=\"contact-section\">\n<h2>Unsere Adresse<\/h2>\n<p>Obwohl wir haupts\u00e4chlich online t\u00e4tig sind, finden Sie weitere Informationen \u00fcber unser Team und unseren Auftrag auf unserer <a href=\"https:\/\/youtubemp4free.com\/de\/about-us\/\" data-wplink-url-error=\"true\">\u00dcber uns<\/a> Seite.<\/p>\n<\/div>\n<p><!-- Why Choose Us Section --><\/p>\n<div class=\"contact-section\">\n<h2>Warum uns w\u00e4hlen?<\/h2>\n<p>Unter <strong>YouTubeMP4Free.com<\/strong>Wir stellen die Benutzerfreundlichkeit in den Vordergrund und bem\u00fchen uns, die besten Konvertierungsdienste von YouTube in MP4 anzubieten. Ihre Zufriedenheit<\/p>\n<\/div>\n<\/div>\n<\/section>","protected":false},"excerpt":{"rendered":"<p>Wir sind f\u00fcr Sie da! Wenn Sie Fragen haben, uns Feedback geben m\u00f6chten oder Hilfe bei der Nutzung unserer Dienste ben\u00f6tigen, k\u00f6nnen Sie sich jederzeit mit uns in Verbindung setzen. Unser Team ist bestrebt, Ihnen die Unterst\u00fctzung zu bieten, die Sie ben\u00f6tigen. Senden Sie uns eine E-Mail F\u00fcr Anfragen oder Supportanfragen senden Sie uns bitte eine E-Mail an: support@youtubemp4free.com Wir bem\u00fchen uns, Ihnen [...]<\/p>","protected":false},"author":1,"featured_media":0,"parent":0,"menu_order":0,"comment_status":"closed","ping_status":"closed","template":"","meta":{"footnotes":""},"class_list":["post-9","page","type-page","status-publish","hentry"],"_links":{"self":[{"href":"https:\/\/youtubemp4free.com\/de\/wp-json\/wp\/v2\/pages\/9","targetHints":{"allow":["GET"]}}],"collection":[{"href":"https:\/\/youtubemp4free.com\/de\/wp-json\/wp\/v2\/pages"}],"about":[{"href":"https:\/\/youtubemp4free.com\/de\/wp-json\/wp\/v2\/types\/page"}],"author":[{"embeddable":true,"href":"https:\/\/youtubemp4free.com\/de\/wp-json\/wp\/v2\/users\/1"}],"replies":[{"embeddable":true,"href":"https:\/\/youtubemp4free.com\/de\/wp-json\/wp\/v2\/comments?post=9"}],"version-history":[{"count":0,"href":"https:\/\/youtubemp4free.com\/de\/wp-json\/wp\/v2\/pages\/9\/revisions"}],"wp:attachment":[{"href":"https:\/\/youtubemp4free.com\/de\/wp-json\/wp\/v2\/media?parent=9"}],"curies":[{"name":"wp","href":"https:\/\/api.w.org\/{rel}","templated":true}]}}