{"id":3,"date":"2024-09-26T06:41:31","date_gmt":"2024-09-26T06:41:31","guid":{"rendered":"https:\/\/youtubemp4free.com\/?page_id=3"},"modified":"2024-09-28T09:58:39","modified_gmt":"2024-09-28T09:58:39","slug":"privacy-policy","status":"publish","type":"page","link":"https:\/\/youtubemp4free.com\/es\/privacy-policy\/","title":{"rendered":"Pol\u00edtica de privacidad"},"content":{"rendered":"<p><!-- Privacy Policy Page for YouTubeMP4Free.com --><\/p>\n<section class=\"privacy-policy\">\n<div class=\"container\"><!-- Page Title --><!-- Effective Date --><strong>Fecha de entrada en vigor: 16\/02\/2024<\/strong><!-- 1. Introduction --><\/p>\n<div class=\"pp-section\">\n<h2>1. Introducci\u00f3n<\/h2>\n<p>Bienvenido a <strong>YouTubeMP4Free.com<\/strong> (\"nosotros\", \"nuestro\", \"nos\"). Nos comprometemos a proteger su privacidad y a garantizar la seguridad de su informaci\u00f3n personal. Esta pol\u00edtica de privacidad describe c\u00f3mo recogemos, utilizamos, divulgamos y protegemos su informaci\u00f3n cuando visita nuestro sitio web. <strong>YouTubeMP4Free.com<\/strong> (el \"Sitio\") y utilizar nuestros servicios (el \"Servicio\"). Le rogamos que lea atentamente esta Pol\u00edtica de Privacidad. Si no est\u00e1 de acuerdo con los t\u00e9rminos de esta Pol\u00edtica de Privacidad, no acceda al Sitio ni utilice el Servicio.<\/p>\n<\/div>\n<p><!-- 2. Information We Collect --><\/p>\n<div class=\"pp-section\">\n<h2>2. Informaci\u00f3n que recopilamos<\/h2>\n<h3>2.1 Informaci\u00f3n personal<\/h3>\n<p>Podemos recopilar informaci\u00f3n de identificaci\u00f3n personal (\"Informaci\u00f3n Personal\") que usted nos proporciona voluntariamente cuando utiliza nuestro Servicio, incluyendo pero no limitado a:<\/p>\n<ul>\n<li><strong>Direcci\u00f3n de correo electr\u00f3nico:<\/strong> Si decide ponerse en contacto con nosotros por correo electr\u00f3nico.<\/li>\n<li><strong>Direcci\u00f3n IP:<\/strong> Recogidas autom\u00e1ticamente cuando accede a nuestro Sitio.<\/li>\n<li><strong>Tipo de navegador y versi\u00f3n:<\/strong> Informaci\u00f3n sobre el navegador que est\u00e1 utilizando.<\/li>\n<li><strong>Sistema operativo:<\/strong> Informaci\u00f3n sobre el sistema operativo de tu dispositivo.<\/li>\n<li><strong>Datos de uso:<\/strong> Detalles sobre c\u00f3mo utiliza nuestro Servicio, como el tipo de conversiones que realiza.<\/li>\n<\/ul>\n<h3>2.2 Informaci\u00f3n no personal<\/h3>\n<p>Podemos recopilar informaci\u00f3n no personal (\"Informaci\u00f3n no personal\") sobre usted cuando utiliza nuestro Servicio. La informaci\u00f3n no personal puede incluir:<\/p>\n<ul>\n<li><strong>Datos de registro:<\/strong> Informaci\u00f3n que su navegador env\u00eda cada vez que visita nuestro Sitio.<\/li>\n<li><strong>Galletas:<\/strong> Peque\u00f1os archivos almacenados en su dispositivo que nos ayudan a mejorar la experiencia del usuario.<\/li>\n<li><strong>Datos anal\u00edticos:<\/strong> Informaci\u00f3n recopilada a trav\u00e9s de servicios anal\u00edticos de terceros.<\/li>\n<\/ul>\n<\/div>\n<p><!-- 3. How We Use Your Information --><\/p>\n<div class=\"pp-section\">\n<h2>3. C\u00f3mo utilizamos su informaci\u00f3n<\/h2>\n<p>Utilizamos la informaci\u00f3n recopilada para diversos fines, entre ellos:<\/p>\n<ul>\n<li><strong>Proporcionar y mantener nuestro servicio:<\/strong> Garantizar el buen funcionamiento y la eficacia del Servicio.<\/li>\n<li><strong>Mejorar nuestro servicio:<\/strong> Analizar los patrones de uso para mejorar la experiencia del usuario.<\/li>\n<li><strong>Para comunicarnos con usted:<\/strong> Responder a sus consultas y prestarle atenci\u00f3n al cliente.<\/li>\n<li><strong>Para controlar el uso:<\/strong> Comprender c\u00f3mo interact\u00faan los usuarios con nuestro Servicio para introducir mejoras con conocimiento de causa.<\/li>\n<li><strong>Prevenir el fraude:<\/strong> Detecci\u00f3n y prevenci\u00f3n de actividades fraudulentas y amenazas a la seguridad.<\/li>\n<\/ul>\n<\/div>\n<p><!-- 4. Sharing Your Information --><\/p>\n<div class=\"pp-section\">\n<h2>4. Compartir su informaci\u00f3n<\/h2>\n<p>No vendemos, comerciamos ni transferimos de ning\u00fan otro modo sus Datos Personales a terceros, salvo en las siguientes circunstancias:<\/p>\n<ul>\n<li><strong>Con su consentimiento:<\/strong> Podemos compartir su informaci\u00f3n si usted lo acepta expl\u00edcitamente.<\/li>\n<li><strong>Proveedores de servicios:<\/strong> Terceros de confianza que nos ayudan a operar nuestro Sitio, a llevar a cabo nuestro negocio o a prestarle servicios, siempre que acepten mantener la confidencialidad de su informaci\u00f3n.<\/li>\n<li><strong>Requisitos legales:<\/strong> Si lo exige la ley o en respuesta a solicitudes v\u00e1lidas de autoridades p\u00fablicas (por ejemplo, un tribunal o un organismo gubernamental).<\/li>\n<\/ul>\n<\/div>\n<p><!-- 5. Cookies and Tracking Technologies --><\/p>\n<div class=\"pp-section\">\n<h2>5. Cookies y tecnolog\u00edas de seguimiento<\/h2>\n<h3>5.1 Tipos de cookies que utilizamos<\/h3>\n<ul>\n<li><strong>Cookies esenciales:<\/strong> Necesario para el funcionamiento de nuestro Sitio.<\/li>\n<li><strong>Cookies de rendimiento:<\/strong> Ayudarnos a comprender c\u00f3mo interact\u00faan los visitantes con nuestro Sitio recopilando y comunicando informaci\u00f3n de forma an\u00f3nima.<\/li>\n<li><strong>Cookies de funcionalidad:<\/strong> Permitir que nuestro Sitio recuerde las elecciones que usted hace y proporcionar funciones mejoradas.<\/li>\n<li><strong>Cookies anal\u00edticas:<\/strong> Recopilar informaci\u00f3n sobre c\u00f3mo utiliza nuestro Sitio para ayudarnos a mejorarlo.<\/li>\n<\/ul>\n<h3>5.2 Gesti\u00f3n de las cookies<\/h3>\n<p>Puede controlar y gestionar las cookies a trav\u00e9s de la configuraci\u00f3n de su navegador. Tenga en cuenta que desactivar las cookies puede afectar a la funcionalidad de nuestro Sitio.<\/p>\n<\/div>\n<p><!-- 6. Data Security --><\/p>\n<div class=\"pp-section\">\n<h2>6. Seguridad de los datos<\/h2>\n<p>Aplicamos diversas medidas de seguridad para mantener la seguridad de sus Datos Personales. Sin embargo, ning\u00fan m\u00e9todo de transmisi\u00f3n por Internet o de almacenamiento electr\u00f3nico es 100% seguro, y no podemos garantizar una seguridad absoluta.<\/p>\n<\/div>\n<p><!-- 7. Your Data Protection Rights --><\/p>\n<div class=\"pp-section\">\n<h2>7. Sus derechos en materia de protecci\u00f3n de datos<\/h2>\n<p>Dependiendo de su ubicaci\u00f3n, usted puede tener los siguientes derechos en relaci\u00f3n con su Informaci\u00f3n Personal:<\/p>\n<ul>\n<li><strong>Derecho de acceso:<\/strong> Solicitar copias de sus Datos Personales.<\/li>\n<li><strong>Derecho de rectificaci\u00f3n:<\/strong> Solicitar la correcci\u00f3n de cualquier dato personal inexacto o incompleto.<\/li>\n<li><strong>Derecho de supresi\u00f3n:<\/strong> Solicitar la supresi\u00f3n de sus Datos Personales en determinadas condiciones.<\/li>\n<li><strong>Derecho a restringir el tratamiento:<\/strong> Solicitar la limitaci\u00f3n del tratamiento de sus Datos Personales.<\/li>\n<li><strong>Derecho a la portabilidad de los datos:<\/strong> Solicitar la transferencia de sus Datos Personales a terceros.<\/li>\n<li><strong>Derecho de oposici\u00f3n:<\/strong> Oponerse al tratamiento de sus Datos Personales en determinadas condiciones.<\/li>\n<\/ul>\n<p>Para ejercer estos derechos, p\u00f3ngase en contacto con nosotros utilizando la informaci\u00f3n facilitada en el <strong>Contacte con nosotros<\/strong> secci\u00f3n siguiente.<\/p>\n<\/div>\n<p><!-- 8. Children's Privacy --><\/p>\n<div class=\"pp-section\">\n<h2>8. Privacidad infantil<\/h2>\n<p>Nuestro Servicio no est\u00e1 destinado a personas menores de 13 a\u00f1os. No recopilamos conscientemente Datos Personales de menores de 13 a\u00f1os. Si nos damos cuenta de que hemos recibido inadvertidamente Informaci\u00f3n Personal de un ni\u00f1o menor de 13 a\u00f1os, tomaremos medidas para eliminar dicha informaci\u00f3n con prontitud.<\/p>\n<\/div>\n<p><!-- 9. Third-Party Services --><\/p>\n<div class=\"pp-section\">\n<h2>9. Servicios de terceros<\/h2>\n<p>Nuestro Sitio puede contener enlaces a sitios web y servicios de terceros que no son operados por nosotros. No somos responsables de las pr\u00e1cticas de privacidad ni del contenido de estos sitios de terceros.<\/p>\n<\/div>\n<p><!-- 10. Changes to This Privacy Policy --><\/p>\n<div class=\"pp-section\">\n<h2>10. Cambios en esta pol\u00edtica de privacidad<\/h2>\n<p>Es posible que actualicemos nuestra Pol\u00edtica de Privacidad de vez en cuando. Cualquier cambio se publicar\u00e1 en esta p\u00e1gina con una fecha de entrada en vigor actualizada. Le recomendamos que revise peri\u00f3dicamente esta Pol\u00edtica de Privacidad para mantenerse informado sobre c\u00f3mo protegemos su informaci\u00f3n.<\/p>\n<\/div>\n<p><!-- 11. Contact Us --><\/p>\n<div class=\"pp-section\">\n<h2>11. Contacto<\/h2>\n<p>Si tiene alguna pregunta sobre esta Pol\u00edtica de privacidad, p\u00f3ngase en contacto con nosotros:<\/p>\n<ul>\n<li><strong>Correo electr\u00f3nico:<\/strong> <a href=\"mailto:support@youtubemp4free.com\">support@youtubemp4free.com<\/a><\/li>\n<\/ul>\n<\/div>\n<p><!-- 12. Acknowledgment --><\/p>\n<div class=\"pp-section\">\n<h2>12. Acuse de recibo<\/h2>\n<p>Al utilizar nuestro Servicio, usted reconoce que ha le\u00eddo esta Pol\u00edtica de Privacidad y acepta sus t\u00e9rminos.<\/p>\n<\/div>\n<\/div>\n<\/section>","protected":false},"excerpt":{"rendered":"<p>Fecha de entrada en vigor: 16\/02\/2024 1. Introducci\u00f3n Bienvenido a YouTubeMP4Free.com (\"nosotros\", \"nuestro\", \"nos\"). Nos comprometemos a proteger su privacidad y a garantizar la seguridad de su informaci\u00f3n personal. Esta Pol\u00edtica de Privacidad describe c\u00f3mo recopilamos, utilizamos, revelamos y protegemos su informaci\u00f3n cuando visita nuestro sitio web YouTubeMP4Free.com (el \"Sitio\") y utiliza nuestros servicios (el \"Servicio\"). Por favor, lea [...]<\/p>","protected":false},"author":1,"featured_media":0,"parent":0,"menu_order":0,"comment_status":"closed","ping_status":"open","template":"","meta":{"footnotes":""},"class_list":["post-3","page","type-page","status-publish","hentry"],"_links":{"self":[{"href":"https:\/\/youtubemp4free.com\/es\/wp-json\/wp\/v2\/pages\/3","targetHints":{"allow":["GET"]}}],"collection":[{"href":"https:\/\/youtubemp4free.com\/es\/wp-json\/wp\/v2\/pages"}],"about":[{"href":"https:\/\/youtubemp4free.com\/es\/wp-json\/wp\/v2\/types\/page"}],"author":[{"embeddable":true,"href":"https:\/\/youtubemp4free.com\/es\/wp-json\/wp\/v2\/users\/1"}],"replies":[{"embeddable":true,"href":"https:\/\/youtubemp4free.com\/es\/wp-json\/wp\/v2\/comments?post=3"}],"version-history":[{"count":0,"href":"https:\/\/youtubemp4free.com\/es\/wp-json\/wp\/v2\/pages\/3\/revisions"}],"wp:attachment":[{"href":"https:\/\/youtubemp4free.com\/es\/wp-json\/wp\/v2\/media?parent=3"}],"curies":[{"name":"wp","href":"https:\/\/api.w.org\/{rel}","templated":true}]}}