{"id":36,"date":"2024-09-27T08:53:38","date_gmt":"2024-09-27T08:53:38","guid":{"rendered":"https:\/\/youtubemp4free.com\/?page_id=36"},"modified":"2024-09-28T09:55:30","modified_gmt":"2024-09-28T09:55:30","slug":"about-us","status":"publish","type":"page","link":"https:\/\/youtubemp4free.com\/es\/about-us\/","title":{"rendered":"Qui\u00e9nes somos"},"content":{"rendered":"<p><!-- About Us Page for YouTubeMP4Free.com --><\/p>\n<section class=\"about-us\">\n<div class=\"container\"><!-- Page Title --><\/p>\n<h1><span style=\"color: var(--wp--preset--color--contrast); font-family: var(--wp--preset--font-family--heading); font-size: var(--wp--preset--font-size--x-large); background-color: var(--wp--preset--color--base);\">Nuestra misi\u00f3n<\/span><\/h1>\n<div class=\"about-section\">\n<p>En <strong>YouTubeMP4Free.com<\/strong>Nuestra misi\u00f3n es proporcionar una plataforma eficaz y sin problemas para convertir v\u00eddeos de YouTube a formato MP4. Entendemos la necesidad de herramientas de conversi\u00f3n accesibles y de alta calidad, y nos comprometemos a ofrecer un servicio fiable y f\u00e1cil de usar.<\/p>\n<\/div>\n<p><!-- Who We Are Section --><\/p>\n<div class=\"about-section\">\n<h2>Qui\u00e9nes somos<\/h2>\n<p>Somos un equipo de desarrolladores apasionados y entusiastas digitales dedicados a simplificar la forma de acceder y disfrutar de tus contenidos favoritos de YouTube. Nuestra experiencia en procesamiento de v\u00eddeo y tecnolog\u00edas web nos permite ofrecer un servicio s\u00f3lido que atiende a usuarios de todo el mundo.<\/p>\n<\/div>\n<p><!-- Why Choose Us Section --><\/p>\n<div class=\"about-section\">\n<h2>Por qu\u00e9 elegirnos<\/h2>\n<ul>\n<li><strong>Fiabilidad:<\/strong> Nuestra plataforma garantiza un rendimiento constante, lo que le permite convertir v\u00eddeos r\u00e1pidamente y sin interrupciones.<\/li>\n<li><strong>Conversiones de alta calidad:<\/strong> Damos prioridad al mantenimiento de la calidad original de los v\u00eddeos que conviertes, proporcion\u00e1ndote archivos MP4 claros y n\u00edtidos.<\/li>\n<li><strong>Interfaz f\u00e1cil de usar:<\/strong> Nuestro sitio web se ha dise\u00f1ado pensando en la simplicidad, para que el proceso de conversi\u00f3n resulte sencillo para usuarios de todos los niveles t\u00e9cnicos.<\/li>\n<li><strong>Privacidad y seguridad:<\/strong> Respetamos su privacidad. Todas las conversiones se gestionan de forma segura y tus datos nunca se almacenan ni se comparten.<\/li>\n<li><strong>Asistencia 24\/7:<\/strong> Nuestro equipo de asistencia est\u00e1 a su disposici\u00f3n las 24 horas del d\u00eda para ayudarle con cualquier duda o problema que pueda tener.<\/li>\n<\/ul>\n<\/div>\n<p><!-- Our Story Section --><\/p>\n<div class=\"about-section\">\n<h2>Nuestra historia<\/h2>\n<p>Fundada en 2024, <strong>YouTubeMP4Free.com<\/strong> naci\u00f3 del deseo de poner la conversi\u00f3n de v\u00eddeo al alcance de todos. Frustrados por las limitaciones y complejidades de las herramientas existentes, nuestros fundadores se propusieron crear una plataforma que combinara eficacia y facilidad de uso. A lo largo de los a\u00f1os, hemos mejorado continuamente nuestro servicio bas\u00e1ndonos en los comentarios de los usuarios y en los avances tecnol\u00f3gicos, esforz\u00e1ndonos por superar las expectativas en todo momento.<\/p>\n<\/div>\n<p><!-- Our Values Section --><\/p>\n<div class=\"about-section\">\n<h2>Nuestros valores<\/h2>\n<ul>\n<li><strong>Integridad:<\/strong> Trabajamos con honestidad y transparencia, para que nuestros usuarios puedan confiar en nuestros servicios.<\/li>\n<li><strong>Innovaci\u00f3n:<\/strong> Adoptamos las \u00faltimas tecnolog\u00edas y buscamos continuamente formas de mejorar nuestra plataforma.<\/li>\n<li><strong>Centrarse en el cliente:<\/strong> Nuestros usuarios est\u00e1n en el centro de todo lo que hacemos. Damos prioridad a sus necesidades y trabajamos sin descanso para mejorar su experiencia.<\/li>\n<li><strong>Excelencia:<\/strong> Nos comprometemos a prestar servicios de primera categor\u00eda, estableciendo altos est\u00e1ndares en todos los aspectos de nuestras operaciones.<\/li>\n<\/ul>\n<\/div>\n<p><!-- Join Our Community Section --><\/p>\n<div class=\"about-section\">\n<h2>\u00danete a nuestra comunidad<\/h2>\n<p>M\u00e1s all\u00e1 de proporcionar una herramienta de conversi\u00f3n, <strong>YouTubeMP4Free.com<\/strong> pretende crear una comunidad de personas con ideas afines que aprecien los contenidos digitales de calidad. Participe con nosotros en nuestros canales de redes sociales, comparta sus experiencias y contribuya a la mejora continua de nuestros servicios.<\/p>\n<\/div>\n<p><!-- Looking Ahead Section --><\/p>\n<div class=\"about-section\">\n<h2>De cara al futuro<\/h2>\n<p>Mientras seguimos creciendo, nuestro objetivo sigue siendo ampliar nuestras capacidades y perfeccionar nuestros servicios para servirle mejor. Estamos entusiasmados con el futuro y con la oportunidad de seguir innovando, garantizando que <strong>YouTubeMP4Free.com<\/strong> sigue siendo tu destino para todas tus necesidades de conversi\u00f3n de v\u00eddeo.<\/p>\n<\/div>\n<\/div>\n<\/section>","protected":false},"excerpt":{"rendered":"<p>Nuestra misi\u00f3n En YouTubeMP4Free.com, nuestra misi\u00f3n es proporcionar una plataforma fluida y eficaz para convertir v\u00eddeos de YouTube a formato MP4. Somos conscientes de la necesidad de herramientas de conversi\u00f3n multimedia accesibles y de alta calidad, y nos comprometemos a ofrecer un servicio fiable y f\u00e1cil de usar. Qui\u00e9nes somos Somos un equipo de desarrolladores apasionados [...]<\/p>","protected":false},"author":1,"featured_media":0,"parent":0,"menu_order":0,"comment_status":"closed","ping_status":"closed","template":"","meta":{"footnotes":""},"class_list":["post-36","page","type-page","status-publish","hentry"],"_links":{"self":[{"href":"https:\/\/youtubemp4free.com\/es\/wp-json\/wp\/v2\/pages\/36","targetHints":{"allow":["GET"]}}],"collection":[{"href":"https:\/\/youtubemp4free.com\/es\/wp-json\/wp\/v2\/pages"}],"about":[{"href":"https:\/\/youtubemp4free.com\/es\/wp-json\/wp\/v2\/types\/page"}],"author":[{"embeddable":true,"href":"https:\/\/youtubemp4free.com\/es\/wp-json\/wp\/v2\/users\/1"}],"replies":[{"embeddable":true,"href":"https:\/\/youtubemp4free.com\/es\/wp-json\/wp\/v2\/comments?post=36"}],"version-history":[{"count":0,"href":"https:\/\/youtubemp4free.com\/es\/wp-json\/wp\/v2\/pages\/36\/revisions"}],"wp:attachment":[{"href":"https:\/\/youtubemp4free.com\/es\/wp-json\/wp\/v2\/media?parent=36"}],"curies":[{"name":"wp","href":"https:\/\/api.w.org\/{rel}","templated":true}]}}