{"id":9,"date":"2024-09-26T06:59:05","date_gmt":"2024-09-26T06:59:05","guid":{"rendered":"https:\/\/youtubemp4free.com\/?page_id=9"},"modified":"2024-09-27T13:44:10","modified_gmt":"2024-09-27T13:44:10","slug":"contact-us","status":"publish","type":"page","link":"https:\/\/youtubemp4free.com\/es\/contact-us\/","title":{"rendered":"Contacte con nosotros"},"content":{"rendered":"<p><!-- Contact Us Page for YouTubeMP4Free.com --><\/p>\n<section class=\"contact-us\">\n<div class=\"container\"><!-- Page Title --><!-- Introduction -->Estamos aqu\u00ed para ayudarle. Si tiene preguntas, comentarios o necesita ayuda con nuestros servicios, no dude en ponerse en contacto con nosotros a trav\u00e9s de cualquiera de los siguientes m\u00e9todos. Nuestro equipo est\u00e1 dedicado a proporcionarle el apoyo que necesita.<!-- Email Us Section --><\/p>\n<div class=\"contact-section\">\n<h2>Env\u00edenos un correo electr\u00f3nico<\/h2>\n<p>Para cualquier consulta o solicitud de asistencia, env\u00edenos un correo electr\u00f3nico a:<\/p>\n<p><a href=\"mailto:support@youtubemp4free.com\">support@youtubemp4free.com<\/a><\/p>\n<p>Nos esforzamos por responder a todos los correos electr\u00f3nicos en un plazo de 24-48 horas en d\u00edas laborables.<\/p>\n<\/div>\n<p><!-- Connect on Social Media Section --><\/p>\n<div class=\"contact-section\">\n<h2>Con\u00e9ctate en las redes sociales<\/h2>\n<p>Mant\u00e9ngase al d\u00eda y conecte con nosotros a trav\u00e9s de nuestros canales en las redes sociales:<\/p>\n<ul>\n<li><strong>Facebook:<\/strong> <a href=\"https:\/\/www.facebook.com\/YouTubeMP4Free\" target=\"_blank\" rel=\"noopener\">facebook.com\/YouTubeMP4Free<\/a><\/li>\n<li><strong>Twitter:<\/strong> <a href=\"https:\/\/twitter.com\/YouTubeMP4Free\" target=\"_blank\" rel=\"noopener\">@YouTubeMP4Free<\/a><\/li>\n<li><strong>Instagram:<\/strong> <a href=\"https:\/\/instagram.com\/YouTubeMP4Free\" target=\"_blank\" rel=\"noopener\">instagram.com\/YouTubeMP4Free<\/a><\/li>\n<\/ul>\n<p>No dude en enviarnos un mensaje o etiquetarnos en sus publicaciones: \u00a1nos encantar\u00e1 saber de usted!<\/p>\n<\/div>\n<p><!-- Frequently Asked Questions Section --><\/p>\n<div class=\"contact-section\">\n<h2>Preguntas m\u00e1s frecuentes (FAQ)<\/h2>\n<p>Antes de ponerse en contacto con nosotros, puede encontrar respuestas a preguntas comunes en nuestra <a href=\"https:\/\/youtubemp4free.com\/es\/faq\/\">Secci\u00f3n FAQ<\/a>. Abarca una serie de temas que le ayudar\u00e1n a sacar el m\u00e1ximo partido de nuestros servicios.<\/p>\n<\/div>\n<p><!-- Join Our Community Section --><\/p>\n<div class=\"contact-section\">\n<h2>\u00danete a nuestra comunidad<\/h2>\n<p>\u00danete a nuestra comunidad para relacionarte con otros usuarios y mantenerte informado de las \u00faltimas actualizaciones:<\/p>\n<ul>\n<li><strong>Discordia:<\/strong> <a href=\"https:\/\/discord.gg\/YouTubeMP4Free\" target=\"_blank\" rel=\"noopener\">discord.gg\/YouTubeMP4Free<\/a><\/li>\n<li><strong>Reddit:<\/strong> <a href=\"https:\/\/reddit.com\/r\/YouTubeMP4Free\" target=\"_blank\" rel=\"noopener\">reddit.com\/r\/YouTubeMP4Free<\/a><\/li>\n<\/ul>\n<\/div>\n<p><!-- Feedback and Suggestions Section --><\/p>\n<div class=\"contact-section\">\n<h2>Comentarios y sugerencias<\/h2>\n<p>Sus comentarios nos ayudan a mejorar. Si tienes alguna sugerencia o idea sobre c\u00f3mo podemos mejorar nuestros servicios, h\u00e1znoslo saber por correo electr\u00f3nico o a trav\u00e9s de nuestras redes sociales.<\/p>\n<\/div>\n<p><!-- Our Address Section --><\/p>\n<div class=\"contact-section\">\n<h2>Nuestra direcci\u00f3n<\/h2>\n<p>Aunque operamos principalmente en l\u00ednea, puede encontrar m\u00e1s informaci\u00f3n sobre nuestro equipo y nuestra misi\u00f3n en nuestro <a href=\"https:\/\/youtubemp4free.com\/es\/about-us\/\" data-wplink-url-error=\"true\">Qui\u00e9nes somos<\/a> p\u00e1gina.<\/p>\n<\/div>\n<p><!-- Why Choose Us Section --><\/p>\n<div class=\"contact-section\">\n<h2>\u00bfPor qu\u00e9 elegirnos?<\/h2>\n<p>En <strong>YouTubeMP4Free.com<\/strong>priorizamos la experiencia del usuario y nos esforzamos por ofrecer los mejores servicios de conversi\u00f3n de YouTube a MP4. Su satisfacci\u00f3n<\/p>\n<\/div>\n<\/div>\n<\/section>","protected":false},"excerpt":{"rendered":"<p>Estamos aqu\u00ed para ayudarle. Si tiene preguntas, comentarios o necesita ayuda con nuestros servicios, no dude en ponerse en contacto con nosotros a trav\u00e9s de cualquiera de los siguientes m\u00e9todos. Nuestro equipo est\u00e1 dedicado a proporcionarle la ayuda que necesita. Env\u00edenos un correo electr\u00f3nico Para cualquier consulta o solicitud de asistencia, env\u00edenos un correo electr\u00f3nico a: support@youtubemp4free.com Nos esforzamos por responder [...]<\/p>","protected":false},"author":1,"featured_media":0,"parent":0,"menu_order":0,"comment_status":"closed","ping_status":"closed","template":"","meta":{"footnotes":""},"class_list":["post-9","page","type-page","status-publish","hentry"],"_links":{"self":[{"href":"https:\/\/youtubemp4free.com\/es\/wp-json\/wp\/v2\/pages\/9","targetHints":{"allow":["GET"]}}],"collection":[{"href":"https:\/\/youtubemp4free.com\/es\/wp-json\/wp\/v2\/pages"}],"about":[{"href":"https:\/\/youtubemp4free.com\/es\/wp-json\/wp\/v2\/types\/page"}],"author":[{"embeddable":true,"href":"https:\/\/youtubemp4free.com\/es\/wp-json\/wp\/v2\/users\/1"}],"replies":[{"embeddable":true,"href":"https:\/\/youtubemp4free.com\/es\/wp-json\/wp\/v2\/comments?post=9"}],"version-history":[{"count":0,"href":"https:\/\/youtubemp4free.com\/es\/wp-json\/wp\/v2\/pages\/9\/revisions"}],"wp:attachment":[{"href":"https:\/\/youtubemp4free.com\/es\/wp-json\/wp\/v2\/media?parent=9"}],"curies":[{"name":"wp","href":"https:\/\/api.w.org\/{rel}","templated":true}]}}