{"id":3,"date":"2024-09-26T06:41:31","date_gmt":"2024-09-26T06:41:31","guid":{"rendered":"https:\/\/youtubemp4free.com\/?page_id=3"},"modified":"2024-09-28T09:58:39","modified_gmt":"2024-09-28T09:58:39","slug":"privacy-policy","status":"publish","type":"page","link":"https:\/\/youtubemp4free.com\/fr\/privacy-policy\/","title":{"rendered":"Politique de confidentialit\u00e9"},"content":{"rendered":"<p><!-- Privacy Policy Page for YouTubeMP4Free.com --><\/p>\n<section class=\"privacy-policy\">\n<div class=\"container\"><!-- Page Title --><!-- Effective Date --><strong>Date d'entr\u00e9e en vigueur : 16\/02\/2024<\/strong><!-- 1. Introduction --><\/p>\n<div class=\"pp-section\">\n<h2>1. Introduction<\/h2>\n<p>Bienvenue \u00e0 <strong>YouTubeMP4Free.com<\/strong> (\"nous\", \"notre\", \"nos\"). Nous nous engageons \u00e0 prot\u00e9ger votre vie priv\u00e9e et \u00e0 garantir la s\u00e9curit\u00e9 de vos informations personnelles. La pr\u00e9sente politique de confidentialit\u00e9 d\u00e9crit la mani\u00e8re dont nous recueillons, utilisons, divulguons et prot\u00e9geons les informations vous concernant lorsque vous visitez notre site web <strong>YouTubeMP4Free.com<\/strong> (le \"Site\") et d'utiliser nos services (le \"Service\"). Veuillez lire attentivement la pr\u00e9sente politique de confidentialit\u00e9. Si vous n'\u00eates pas d'accord avec les termes de cette politique de confidentialit\u00e9, veuillez ne pas acc\u00e9der au site ou utiliser le service.<\/p>\n<\/div>\n<p><!-- 2. Information We Collect --><\/p>\n<div class=\"pp-section\">\n<h2>2. Les informations que nous recueillons<\/h2>\n<h3>2.1 Informations personnelles<\/h3>\n<p>Nous pouvons recueillir des informations personnellement identifiables (\"informations personnelles\") que vous nous fournissez volontairement lorsque vous utilisez notre service, y compris, mais sans s'y limiter :<\/p>\n<ul>\n<li><strong>Adresse \u00e9lectronique :<\/strong> Si vous choisissez de nous contacter par courrier \u00e9lectronique.<\/li>\n<li><strong>Adresse IP :<\/strong> Collect\u00e9es automatiquement lorsque vous acc\u00e9dez \u00e0 notre site.<\/li>\n<li><strong>Type et version du navigateur :<\/strong> Informations sur le navigateur que vous utilisez.<\/li>\n<li><strong>Syst\u00e8me d'exploitation :<\/strong> Informations sur le syst\u00e8me d'exploitation de votre appareil.<\/li>\n<li><strong>Donn\u00e9es d'utilisation :<\/strong> Des d\u00e9tails sur la fa\u00e7on dont vous utilisez notre service, comme le type de conversions que vous effectuez.<\/li>\n<\/ul>\n<h3>2.2 Informations non personnelles<\/h3>\n<p>Nous pouvons recueillir des informations non personnelles (\"informations non personnelles\") vous concernant lorsque vous utilisez notre service. Les informations non personnelles peuvent inclure<\/p>\n<ul>\n<li><strong>Donn\u00e9es du journal :<\/strong> Les informations que votre navigateur envoie lorsque vous visitez notre site.<\/li>\n<li><strong>Cookies :<\/strong> Petits fichiers stock\u00e9s sur votre appareil qui nous aident \u00e0 am\u00e9liorer l'exp\u00e9rience de l'utilisateur.<\/li>\n<li><strong>Donn\u00e9es analytiques :<\/strong> les informations recueillies par des services d'analyse tiers.<\/li>\n<\/ul>\n<\/div>\n<p><!-- 3. How We Use Your Information --><\/p>\n<div class=\"pp-section\">\n<h2>3. Comment nous utilisons vos informations<\/h2>\n<p>Nous utilisons les informations collect\u00e9es \u00e0 diverses fins, notamment :<\/p>\n<ul>\n<li><strong>Fournir et maintenir notre service :<\/strong> Veiller au bon fonctionnement et \u00e0 l'efficacit\u00e9 du service.<\/li>\n<li><strong>Am\u00e9liorer notre service :<\/strong> Analyser les habitudes d'utilisation pour am\u00e9liorer l'exp\u00e9rience de l'utilisateur.<\/li>\n<li><strong>Pour communiquer avec vous :<\/strong> R\u00e9pondre \u00e0 vos demandes et fournir une assistance \u00e0 la client\u00e8le.<\/li>\n<li><strong>Pour surveiller l'utilisation :<\/strong> Comprendre comment les utilisateurs interagissent avec notre service afin d'y apporter des am\u00e9liorations en connaissance de cause.<\/li>\n<li><strong>Pr\u00e9venir la fraude :<\/strong> D\u00e9tecter et pr\u00e9venir les activit\u00e9s frauduleuses et les menaces pour la s\u00e9curit\u00e9.<\/li>\n<\/ul>\n<\/div>\n<p><!-- 4. Sharing Your Information --><\/p>\n<div class=\"pp-section\">\n<h2>4. Partage des informations<\/h2>\n<p>Nous ne vendons pas, n'\u00e9changeons pas et ne transf\u00e9rons pas vos informations personnelles \u00e0 des tiers, sauf dans les cas suivants :<\/p>\n<ul>\n<li><strong>Avec votre consentement :<\/strong> Nous pouvons partager vos informations si vous y consentez explicitement.<\/li>\n<li><strong>Fournisseurs de services :<\/strong> Des tiers de confiance qui nous aident \u00e0 exploiter notre site, \u00e0 mener nos activit\u00e9s ou \u00e0 vous fournir des services, \u00e0 condition qu'ils acceptent de pr\u00e9server la confidentialit\u00e9 de vos informations.<\/li>\n<li><strong>Exigences l\u00e9gales :<\/strong> Si la loi l'exige ou en r\u00e9ponse \u00e0 des demandes valables \u00e9manant d'autorit\u00e9s publiques (par exemple, un tribunal ou une agence gouvernementale).<\/li>\n<\/ul>\n<\/div>\n<p><!-- 5. Cookies and Tracking Technologies --><\/p>\n<div class=\"pp-section\">\n<h2>5. Cookies et technologies de suivi<\/h2>\n<h3>5.1 Types de cookies que nous utilisons<\/h3>\n<ul>\n<li><strong>Cookies essentiels :<\/strong> N\u00e9cessaire au fonctionnement de notre site.<\/li>\n<li><strong>Cookies de performance :<\/strong> Nous aider \u00e0 comprendre comment les visiteurs interagissent avec notre site en collectant et en communiquant des informations de mani\u00e8re anonyme.<\/li>\n<li><strong>Cookies de fonctionnalit\u00e9 :<\/strong> Permettre \u00e0 notre site de se souvenir des choix que vous faites et de fournir des fonctionnalit\u00e9s am\u00e9lior\u00e9es.<\/li>\n<li><strong>Cookies d'analyse :<\/strong> recueillir des informations sur la mani\u00e8re dont vous utilisez notre site afin de nous aider \u00e0 l'am\u00e9liorer.<\/li>\n<\/ul>\n<h3>5.2 Gestion des cookies<\/h3>\n<p>Vous pouvez contr\u00f4ler et g\u00e9rer les cookies par le biais des param\u00e8tres de votre navigateur. Veuillez noter que la d\u00e9sactivation des cookies peut affecter la fonctionnalit\u00e9 de notre site.<\/p>\n<\/div>\n<p><!-- 6. Data Security --><\/p>\n<div class=\"pp-section\">\n<h2>6. S\u00e9curit\u00e9 des donn\u00e9es<\/h2>\n<p>Nous mettons en \u0153uvre une s\u00e9rie de mesures de s\u00e9curit\u00e9 pour pr\u00e9server la s\u00e9curit\u00e9 de vos informations personnelles. Toutefois, aucune m\u00e9thode de transmission sur Internet ou de stockage \u00e9lectronique n'est 100% s\u00fbre, et nous ne pouvons pas garantir une s\u00e9curit\u00e9 absolue.<\/p>\n<\/div>\n<p><!-- 7. Your Data Protection Rights --><\/p>\n<div class=\"pp-section\">\n<h2>7. Vos droits en mati\u00e8re de protection des donn\u00e9es<\/h2>\n<p>En fonction de votre lieu de r\u00e9sidence, vous pouvez disposer des droits suivants concernant vos informations personnelles :<\/p>\n<ul>\n<li><strong>Droit d'acc\u00e8s :<\/strong> Demander des copies de vos informations personnelles.<\/li>\n<li><strong>Droit de rectification :<\/strong> Demander la correction de toute information personnelle inexacte ou incompl\u00e8te.<\/li>\n<li><strong>Droit \u00e0 l'effacement :<\/strong> Demander la suppression de vos informations personnelles sous certaines conditions.<\/li>\n<li><strong>Droit de restreindre le traitement :<\/strong> Demander la limitation du traitement de vos informations personnelles.<\/li>\n<li><strong>Droit \u00e0 la portabilit\u00e9 des donn\u00e9es :<\/strong> Demander le transfert de vos informations personnelles \u00e0 une autre partie.<\/li>\n<li><strong>Droit d'opposition :<\/strong> S'opposer au traitement de vos informations personnelles sous certaines conditions.<\/li>\n<\/ul>\n<p>Pour exercer ces droits, veuillez nous contacter en utilisant les informations fournies dans le formulaire de demande. <strong>Nous contacter<\/strong> ci-dessous.<\/p>\n<\/div>\n<p><!-- 8. Children's Privacy --><\/p>\n<div class=\"pp-section\">\n<h2>8. Vie priv\u00e9e des enfants<\/h2>\n<p>Notre service n'est pas destin\u00e9 aux personnes de moins de 13 ans. Nous ne collectons pas sciemment d'informations personnelles aupr\u00e8s d'enfants de moins de 13 ans. Si nous apprenons que nous avons re\u00e7u par inadvertance des informations personnelles d'un enfant de moins de 13 ans, nous prendrons des mesures pour supprimer rapidement ces informations.<\/p>\n<\/div>\n<p><!-- 9. Third-Party Services --><\/p>\n<div class=\"pp-section\">\n<h2>9. Services de tiers<\/h2>\n<p>Notre site peut contenir des liens vers des sites web et des services de tiers qui ne sont pas exploit\u00e9s par nous. Nous ne sommes pas responsables des pratiques en mati\u00e8re de protection de la vie priv\u00e9e ou du contenu de ces sites tiers.<\/p>\n<\/div>\n<p><!-- 10. Changes to This Privacy Policy --><\/p>\n<div class=\"pp-section\">\n<h2>10. Modifications de la pr\u00e9sente politique de protection de la vie priv\u00e9e<\/h2>\n<p>Nous pouvons mettre \u00e0 jour notre politique de confidentialit\u00e9 de temps \u00e0 autre. Toute modification sera publi\u00e9e sur cette page avec une date d'entr\u00e9e en vigueur actualis\u00e9e. Nous vous encourageons \u00e0 consulter r\u00e9guli\u00e8rement cette politique de confidentialit\u00e9 afin de rester inform\u00e9 de la mani\u00e8re dont nous prot\u00e9geons vos informations.<\/p>\n<\/div>\n<p><!-- 11. Contact Us --><\/p>\n<div class=\"pp-section\">\n<h2>11. Nous contacter<\/h2>\n<p>Si vous avez des questions concernant cette politique de confidentialit\u00e9, veuillez nous contacter :<\/p>\n<ul>\n<li><strong>Courriel :<\/strong> <a href=\"mailto:support@youtubemp4free.com\">support@youtubemp4free.com<\/a><\/li>\n<\/ul>\n<\/div>\n<p><!-- 12. Acknowledgment --><\/p>\n<div class=\"pp-section\">\n<h2>12. Remerciements<\/h2>\n<p>En utilisant notre service, vous reconnaissez avoir lu la pr\u00e9sente politique de confidentialit\u00e9 et en accepter les termes.<\/p>\n<\/div>\n<\/div>\n<\/section>","protected":false},"excerpt":{"rendered":"<p>Date d'entr\u00e9e en vigueur : 16\/02\/2024 1. Introduction Bienvenue sur le site YouTubeMP4Free.com (\"nous\", \"notre\", \"nos\"). Nous nous engageons \u00e0 prot\u00e9ger votre vie priv\u00e9e et \u00e0 assurer la s\u00e9curit\u00e9 de vos informations personnelles. La pr\u00e9sente politique de confidentialit\u00e9 d\u00e9crit la mani\u00e8re dont nous recueillons, utilisons, divulguons et prot\u00e9geons vos informations lorsque vous visitez notre site YouTubeMP4Free.com (le \"Site\") et utilisez nos services (le \"Service\"). Veuillez lire [...]<\/p>","protected":false},"author":1,"featured_media":0,"parent":0,"menu_order":0,"comment_status":"closed","ping_status":"open","template":"","meta":{"footnotes":""},"class_list":["post-3","page","type-page","status-publish","hentry"],"_links":{"self":[{"href":"https:\/\/youtubemp4free.com\/fr\/wp-json\/wp\/v2\/pages\/3","targetHints":{"allow":["GET"]}}],"collection":[{"href":"https:\/\/youtubemp4free.com\/fr\/wp-json\/wp\/v2\/pages"}],"about":[{"href":"https:\/\/youtubemp4free.com\/fr\/wp-json\/wp\/v2\/types\/page"}],"author":[{"embeddable":true,"href":"https:\/\/youtubemp4free.com\/fr\/wp-json\/wp\/v2\/users\/1"}],"replies":[{"embeddable":true,"href":"https:\/\/youtubemp4free.com\/fr\/wp-json\/wp\/v2\/comments?post=3"}],"version-history":[{"count":0,"href":"https:\/\/youtubemp4free.com\/fr\/wp-json\/wp\/v2\/pages\/3\/revisions"}],"wp:attachment":[{"href":"https:\/\/youtubemp4free.com\/fr\/wp-json\/wp\/v2\/media?parent=3"}],"curies":[{"name":"wp","href":"https:\/\/api.w.org\/{rel}","templated":true}]}}