{"id":36,"date":"2024-09-27T08:53:38","date_gmt":"2024-09-27T08:53:38","guid":{"rendered":"https:\/\/youtubemp4free.com\/?page_id=36"},"modified":"2024-09-28T09:55:30","modified_gmt":"2024-09-28T09:55:30","slug":"about-us","status":"publish","type":"page","link":"https:\/\/youtubemp4free.com\/fr\/about-us\/","title":{"rendered":"A propos de nous"},"content":{"rendered":"<p><!-- About Us Page for YouTubeMP4Free.com --><\/p>\n<section class=\"about-us\">\n<div class=\"container\"><!-- Page Title --><\/p>\n<h1><span style=\"color: var(--wp--preset--color--contrast); font-family: var(--wp--preset--font-family--heading); font-size: var(--wp--preset--font-size--x-large); background-color: var(--wp--preset--color--base);\">Notre mission<\/span><\/h1>\n<div class=\"about-section\">\n<p>Au <strong>YouTubeMP4Free.com<\/strong>Notre mission est de fournir une plateforme transparente et efficace pour convertir les vid\u00e9os YouTube au format MP4. Nous comprenons le besoin d'outils de conversion de m\u00e9dias accessibles et de haute qualit\u00e9, et nous nous engageons \u00e0 fournir un service \u00e0 la fois fiable et convivial.<\/p>\n<\/div>\n<p><!-- Who We Are Section --><\/p>\n<div class=\"about-section\">\n<h2>Qui sommes-nous ?<\/h2>\n<p>Nous sommes une \u00e9quipe de d\u00e9veloppeurs passionn\u00e9s et d'enthousiastes du num\u00e9rique qui s'efforcent de simplifier la mani\u00e8re dont vous acc\u00e9dez \u00e0 votre contenu YouTube favori et en profitez. Notre expertise en mati\u00e8re de traitement vid\u00e9o et de technologies web nous permet d'offrir un service robuste qui s'adresse aux utilisateurs du monde entier.<\/p>\n<\/div>\n<p><!-- Why Choose Us Section --><\/p>\n<div class=\"about-section\">\n<h2>Pourquoi nous choisir ?<\/h2>\n<ul>\n<li><strong>Fiabilit\u00e9 :<\/strong> Notre plateforme garantit des performances constantes, ce qui vous permet de convertir des vid\u00e9os rapidement et sans interruption.<\/li>\n<li><strong>Conversions de haute qualit\u00e9 :<\/strong> Nous donnons la priorit\u00e9 au maintien de la qualit\u00e9 d'origine des vid\u00e9os que vous convertissez, ce qui vous permet d'obtenir des fichiers MP4 clairs et nets.<\/li>\n<li><strong>Interface conviviale :<\/strong> Notre site web est con\u00e7u dans un souci de simplicit\u00e9, ce qui rend le processus de conversion ais\u00e9 pour les utilisateurs de tous niveaux techniques.<\/li>\n<li><strong>Vie priv\u00e9e et s\u00e9curit\u00e9 :<\/strong> Nous respectons votre vie priv\u00e9e. Toutes les conversions sont trait\u00e9es en toute s\u00e9curit\u00e9 et vos donn\u00e9es ne sont jamais stock\u00e9es ou partag\u00e9es.<\/li>\n<li><strong>Assistance 24\/7 :<\/strong> Notre \u00e9quipe d'assistance est disponible 24 heures sur 24 pour vous aider \u00e0 r\u00e9soudre les probl\u00e8mes que vous pourriez rencontrer.<\/li>\n<\/ul>\n<\/div>\n<p><!-- Our Story Section --><\/p>\n<div class=\"about-section\">\n<h2>Notre histoire<\/h2>\n<p>Fond\u00e9e en 2024, <strong>YouTubeMP4Free.com<\/strong> est n\u00e9 de la volont\u00e9 de rendre la conversion vid\u00e9o accessible \u00e0 tous. Frustr\u00e9s par les limites et la complexit\u00e9 des outils existants, nos fondateurs ont entrepris de cr\u00e9er une plateforme qui allie efficacit\u00e9 et facilit\u00e9 d'utilisation. Au fil des ann\u00e9es, nous avons continuellement am\u00e9lior\u00e9 notre service en nous basant sur les commentaires des utilisateurs et les avanc\u00e9es technologiques, en nous effor\u00e7ant de d\u00e9passer les attentes \u00e0 chaque fois.<\/p>\n<\/div>\n<p><!-- Our Values Section --><\/p>\n<div class=\"about-section\">\n<h2>Nos valeurs<\/h2>\n<ul>\n<li><strong>Int\u00e9grit\u00e9 :<\/strong> Nous travaillons avec honn\u00eatet\u00e9 et transparence, afin que nos utilisateurs puissent faire confiance \u00e0 nos services.<\/li>\n<li><strong>L'innovation :<\/strong> Nous adoptons les technologies les plus r\u00e9centes et cherchons en permanence \u00e0 am\u00e9liorer notre plateforme.<\/li>\n<li><strong>L'orientation client :<\/strong> Nos utilisateurs sont au c\u0153ur de tout ce que nous faisons. Nous donnons la priorit\u00e9 \u00e0 vos besoins et travaillons sans rel\u00e2che pour am\u00e9liorer votre exp\u00e9rience.<\/li>\n<li><strong>L'excellence :<\/strong> Nous nous engageons \u00e0 fournir des services de premier ordre, en fixant des normes \u00e9lev\u00e9es dans tous les aspects de nos activit\u00e9s.<\/li>\n<\/ul>\n<\/div>\n<p><!-- Join Our Community Section --><\/p>\n<div class=\"about-section\">\n<h2>Rejoindre notre communaut\u00e9<\/h2>\n<p>Au-del\u00e0 de la fourniture d'un outil de conversion, <strong>YouTubeMP4Free.com<\/strong> a pour objectif de cr\u00e9er une communaut\u00e9 de personnes partageant les m\u00eames id\u00e9es et appr\u00e9ciant les contenus num\u00e9riques de qualit\u00e9. Engagez-vous avec nous sur nos canaux de m\u00e9dias sociaux, partagez vos exp\u00e9riences et contribuez \u00e0 l'am\u00e9lioration continue de nos services.<\/p>\n<\/div>\n<p><!-- Looking Ahead Section --><\/p>\n<div class=\"about-section\">\n<h2>Perspectives d'avenir<\/h2>\n<p>Alors que nous continuons \u00e0 nous d\u00e9velopper, nous nous attachons \u00e0 \u00e9tendre nos capacit\u00e9s et \u00e0 affiner nos services pour mieux vous servir. Nous nous r\u00e9jouissons de l'avenir et de la possibilit\u00e9 d'innover davantage, en veillant \u00e0 ce que <strong>YouTubeMP4Free.com<\/strong> reste votre destination privil\u00e9gi\u00e9e pour tous vos besoins en mati\u00e8re de conversion vid\u00e9o.<\/p>\n<\/div>\n<\/div>\n<\/section>","protected":false},"excerpt":{"rendered":"<p>Notre mission Chez YouTubeMP4Free.com, notre mission est de fournir une plateforme transparente et efficace pour convertir les vid\u00e9os YouTube au format MP4. Nous comprenons le besoin d'outils de conversion de m\u00e9dias accessibles et de haute qualit\u00e9, et nous nous engageons \u00e0 fournir un service \u00e0 la fois fiable et convivial. Qui sommes-nous ? Nous sommes une \u00e9quipe de d\u00e9veloppeurs passionn\u00e9s [...]<\/p>","protected":false},"author":1,"featured_media":0,"parent":0,"menu_order":0,"comment_status":"closed","ping_status":"closed","template":"","meta":{"footnotes":""},"class_list":["post-36","page","type-page","status-publish","hentry"],"_links":{"self":[{"href":"https:\/\/youtubemp4free.com\/fr\/wp-json\/wp\/v2\/pages\/36","targetHints":{"allow":["GET"]}}],"collection":[{"href":"https:\/\/youtubemp4free.com\/fr\/wp-json\/wp\/v2\/pages"}],"about":[{"href":"https:\/\/youtubemp4free.com\/fr\/wp-json\/wp\/v2\/types\/page"}],"author":[{"embeddable":true,"href":"https:\/\/youtubemp4free.com\/fr\/wp-json\/wp\/v2\/users\/1"}],"replies":[{"embeddable":true,"href":"https:\/\/youtubemp4free.com\/fr\/wp-json\/wp\/v2\/comments?post=36"}],"version-history":[{"count":0,"href":"https:\/\/youtubemp4free.com\/fr\/wp-json\/wp\/v2\/pages\/36\/revisions"}],"wp:attachment":[{"href":"https:\/\/youtubemp4free.com\/fr\/wp-json\/wp\/v2\/media?parent=36"}],"curies":[{"name":"wp","href":"https:\/\/api.w.org\/{rel}","templated":true}]}}