{"id":9,"date":"2024-09-26T06:59:05","date_gmt":"2024-09-26T06:59:05","guid":{"rendered":"https:\/\/youtubemp4free.com\/?page_id=9"},"modified":"2024-09-27T13:44:10","modified_gmt":"2024-09-27T13:44:10","slug":"contact-us","status":"publish","type":"page","link":"https:\/\/youtubemp4free.com\/fr\/contact-us\/","title":{"rendered":"Nous contacter"},"content":{"rendered":"<p><!-- Contact Us Page for YouTubeMP4Free.com --><\/p>\n<section class=\"contact-us\">\n<div class=\"container\"><!-- Page Title --><!-- Introduction -->Nous sommes l\u00e0 pour vous aider ! Si vous avez des questions, des commentaires ou si vous avez besoin d'aide pour utiliser nos services, n'h\u00e9sitez pas \u00e0 nous contacter par l'un des moyens suivants. Notre \u00e9quipe se consacre \u00e0 vous apporter le soutien dont vous avez besoin.<!-- Email Us Section --><\/p>\n<div class=\"contact-section\">\n<h2>Nous envoyer un courriel<\/h2>\n<p>Pour toute question ou demande d'assistance, veuillez nous envoyer un courriel \u00e0 l'adresse suivante :<\/p>\n<p><a href=\"mailto:support@youtubemp4free.com\">support@youtubemp4free.com<\/a><\/p>\n<p>Nous nous effor\u00e7ons de r\u00e9pondre \u00e0 tous les courriels dans un d\u00e9lai de 24 \u00e0 48 heures les jours ouvrables.<\/p>\n<\/div>\n<p><!-- Connect on Social Media Section --><\/p>\n<div class=\"contact-section\">\n<h2>Se connecter sur les m\u00e9dias sociaux<\/h2>\n<p>Restez inform\u00e9 et connectez-vous avec nous sur nos canaux de m\u00e9dias sociaux :<\/p>\n<ul>\n<li><strong>Facebook :<\/strong> <a href=\"https:\/\/www.facebook.com\/YouTubeMP4Free\" target=\"_blank\" rel=\"noopener\">facebook.com\/YouTubeMP4Free<\/a><\/li>\n<li><strong>Twitter :<\/strong> <a href=\"https:\/\/twitter.com\/YouTubeMP4Free\" target=\"_blank\" rel=\"noopener\">@YouTubeMP4Free<\/a><\/li>\n<li><strong>Instagram :<\/strong> <a href=\"https:\/\/instagram.com\/YouTubeMP4Free\" target=\"_blank\" rel=\"noopener\">instagram.com\/YouTubeMP4Free<\/a><\/li>\n<\/ul>\n<p>N'h\u00e9sitez pas \u00e0 nous envoyer un message ou \u00e0 nous taguer dans vos posts - nous serions ravis d'avoir de vos nouvelles !<\/p>\n<\/div>\n<p><!-- Frequently Asked Questions Section --><\/p>\n<div class=\"contact-section\">\n<h2>Foire aux questions (FAQ)<\/h2>\n<p>Avant de prendre contact avec nous, vous trouverez peut-\u00eatre des r\u00e9ponses aux questions les plus courantes dans notre rubrique <a href=\"https:\/\/youtubemp4free.com\/fr\/faq\/\">Section FAQ<\/a>. Il couvre une s\u00e9rie de sujets pour vous aider \u00e0 tirer le meilleur parti de nos services.<\/p>\n<\/div>\n<p><!-- Join Our Community Section --><\/p>\n<div class=\"contact-section\">\n<h2>Rejoindre notre communaut\u00e9<\/h2>\n<p>Participez aux \u00e9changes avec les autres utilisateurs et restez inform\u00e9 des derni\u00e8res mises \u00e0 jour en rejoignant notre communaut\u00e9 :<\/p>\n<ul>\n<li><strong>Discord :<\/strong> <a href=\"https:\/\/discord.gg\/YouTubeMP4Free\" target=\"_blank\" rel=\"noopener\">discord.gg\/YouTubeMP4Free<\/a><\/li>\n<li><strong>Reddit :<\/strong> <a href=\"https:\/\/reddit.com\/r\/YouTubeMP4Free\" target=\"_blank\" rel=\"noopener\">reddit.com\/r\/YouTubeMP4Free<\/a><\/li>\n<\/ul>\n<\/div>\n<p><!-- Feedback and Suggestions Section --><\/p>\n<div class=\"contact-section\">\n<h2>Commentaires et suggestions<\/h2>\n<p>Vos commentaires nous aident \u00e0 nous am\u00e9liorer ! Si vous avez des suggestions ou des id\u00e9es sur la fa\u00e7on dont nous pouvons am\u00e9liorer nos services, n'h\u00e9sitez pas \u00e0 nous en faire part par courriel ou sur nos canaux de m\u00e9dias sociaux.<\/p>\n<\/div>\n<p><!-- Our Address Section --><\/p>\n<div class=\"contact-section\">\n<h2>Notre adresse<\/h2>\n<p>Bien que nous op\u00e9rions principalement en ligne, vous trouverez de plus amples informations sur notre \u00e9quipe et notre mission sur notre site web. <a href=\"https:\/\/youtubemp4free.com\/fr\/about-us\/\" data-wplink-url-error=\"true\">A propos de nous<\/a> page.<\/p>\n<\/div>\n<p><!-- Why Choose Us Section --><\/p>\n<div class=\"contact-section\">\n<h2>Pourquoi nous choisir ?<\/h2>\n<p>Au <strong>YouTubeMP4Free.com<\/strong>Nous donnons la priorit\u00e9 \u00e0 l'exp\u00e9rience des utilisateurs et nous nous effor\u00e7ons de fournir les meilleurs services de conversion de YouTube en MP4. Votre satisfaction<\/p>\n<\/div>\n<\/div>\n<\/section>","protected":false},"excerpt":{"rendered":"<p>Nous sommes l\u00e0 pour vous aider ! Si vous avez des questions, des commentaires ou si vous avez besoin d'aide pour utiliser nos services, n'h\u00e9sitez pas \u00e0 nous contacter par l'un des moyens suivants. Notre \u00e9quipe s'engage \u00e0 vous fournir l'assistance dont vous avez besoin. Nous envoyer un courriel Pour toute question ou demande d'assistance, veuillez nous envoyer un courriel \u00e0 l'adresse suivante : support@youtubemp4free.com Nous nous effor\u00e7ons de r\u00e9pondre [...]<\/p>","protected":false},"author":1,"featured_media":0,"parent":0,"menu_order":0,"comment_status":"closed","ping_status":"closed","template":"","meta":{"footnotes":""},"class_list":["post-9","page","type-page","status-publish","hentry"],"_links":{"self":[{"href":"https:\/\/youtubemp4free.com\/fr\/wp-json\/wp\/v2\/pages\/9","targetHints":{"allow":["GET"]}}],"collection":[{"href":"https:\/\/youtubemp4free.com\/fr\/wp-json\/wp\/v2\/pages"}],"about":[{"href":"https:\/\/youtubemp4free.com\/fr\/wp-json\/wp\/v2\/types\/page"}],"author":[{"embeddable":true,"href":"https:\/\/youtubemp4free.com\/fr\/wp-json\/wp\/v2\/users\/1"}],"replies":[{"embeddable":true,"href":"https:\/\/youtubemp4free.com\/fr\/wp-json\/wp\/v2\/comments?post=9"}],"version-history":[{"count":0,"href":"https:\/\/youtubemp4free.com\/fr\/wp-json\/wp\/v2\/pages\/9\/revisions"}],"wp:attachment":[{"href":"https:\/\/youtubemp4free.com\/fr\/wp-json\/wp\/v2\/media?parent=9"}],"curies":[{"name":"wp","href":"https:\/\/api.w.org\/{rel}","templated":true}]}}