{"id":36,"date":"2024-09-27T08:53:38","date_gmt":"2024-09-27T08:53:38","guid":{"rendered":"https:\/\/youtubemp4free.com\/?page_id=36"},"modified":"2024-09-28T09:55:30","modified_gmt":"2024-09-28T09:55:30","slug":"about-us","status":"publish","type":"page","link":"https:\/\/youtubemp4free.com\/it\/about-us\/","title":{"rendered":"Chi siamo"},"content":{"rendered":"<p><!-- About Us Page for YouTubeMP4Free.com --><\/p>\n<section class=\"about-us\">\n<div class=\"container\"><!-- Page Title --><\/p>\n<h1><span style=\"color: var(--wp--preset--color--contrast); font-family: var(--wp--preset--font-family--heading); font-size: var(--wp--preset--font-size--x-large); background-color: var(--wp--preset--color--base);\">La nostra missione<\/span><\/h1>\n<div class=\"about-section\">\n<p>A <strong>YouTubeMP4Free.com<\/strong>La nostra missione \u00e8 quella di fornire una piattaforma efficiente e senza interruzioni per la conversione dei video di YouTube in formato MP4. Siamo consapevoli della necessit\u00e0 di disporre di strumenti di conversione accessibili e di alta qualit\u00e0 e ci impegniamo a fornire un servizio affidabile e di facile utilizzo.<\/p>\n<\/div>\n<p><!-- Who We Are Section --><\/p>\n<div class=\"about-section\">\n<h2>Chi siamo<\/h2>\n<p>Siamo un team di sviluppatori appassionati e amanti del digitale che si dedicano a semplificare il modo in cui accedete e fruite dei vostri contenuti preferiti di YouTube. La nostra esperienza nell'elaborazione video e nelle tecnologie web ci permette di offrire un servizio robusto che si rivolge agli utenti di tutto il mondo.<\/p>\n<\/div>\n<p><!-- Why Choose Us Section --><\/p>\n<div class=\"about-section\">\n<h2>Perch\u00e9 scegliere noi<\/h2>\n<ul>\n<li><strong>Affidabilit\u00e0:<\/strong> La nostra piattaforma garantisce prestazioni costanti, consentendovi di convertire i video rapidamente e senza interruzioni.<\/li>\n<li><strong>Conversioni di alta qualit\u00e0:<\/strong> Diamo priorit\u00e0 al mantenimento della qualit\u00e0 originale dei video convertiti, fornendovi file MP4 chiari e nitidi.<\/li>\n<li><strong>Interfaccia facile da usare:<\/strong> Il nostro sito web \u00e8 stato progettato all'insegna della semplicit\u00e0, rendendo il processo di conversione semplice per gli utenti di qualsiasi livello tecnico.<\/li>\n<li><strong>Privacy e sicurezza:<\/strong> Rispettiamo la vostra privacy. Tutte le conversioni sono gestite in modo sicuro e i vostri dati non vengono mai memorizzati o condivisi.<\/li>\n<li><strong>Assistenza 24\/7:<\/strong> Il nostro team di supporto dedicato \u00e8 disponibile 24 ore su 24 per assistervi in caso di domande o problemi.<\/li>\n<\/ul>\n<\/div>\n<p><!-- Our Story Section --><\/p>\n<div class=\"about-section\">\n<h2>La nostra storia<\/h2>\n<p>Fondata nel 2024, <strong>YouTubeMP4Free.com<\/strong> \u00e8 nata dal desiderio di rendere la conversione video accessibile a tutti. Frustrati dalle limitazioni e dalle complessit\u00e0 degli strumenti esistenti, i nostri fondatori hanno deciso di creare una piattaforma che combinasse efficienza e facilit\u00e0 d'uso. Nel corso degli anni, abbiamo continuamente migliorato il nostro servizio in base al feedback degli utenti e ai progressi tecnologici, cercando di superare le aspettative in ogni occasione.<\/p>\n<\/div>\n<p><!-- Our Values Section --><\/p>\n<div class=\"about-section\">\n<h2>I nostri valori<\/h2>\n<ul>\n<li><strong>Integrit\u00e0:<\/strong> Operiamo con onest\u00e0 e trasparenza, assicurando che i nostri utenti possano fidarsi dei nostri servizi.<\/li>\n<li><strong>Innovazione:<\/strong> Abbracciamo le tecnologie pi\u00f9 recenti e cerchiamo continuamente di migliorare la nostra piattaforma.<\/li>\n<li><strong>Centralit\u00e0 del cliente:<\/strong> I nostri utenti sono al centro di tutto ci\u00f2 che facciamo. Diamo priorit\u00e0 alle vostre esigenze e lavoriamo instancabilmente per migliorare la vostra esperienza.<\/li>\n<li><strong>Eccellenza:<\/strong> Ci impegniamo a fornire servizi di prim'ordine, fissando standard elevati in ogni aspetto delle nostre operazioni.<\/li>\n<\/ul>\n<\/div>\n<p><!-- Join Our Community Section --><\/p>\n<div class=\"about-section\">\n<h2>Unisciti alla nostra comunit\u00e0<\/h2>\n<p>Oltre a fornire uno strumento di conversione, <strong>YouTubeMP4Free.com<\/strong> mira a costruire una comunit\u00e0 di persone che la pensano come noi e che apprezzano i contenuti digitali di qualit\u00e0. Collaborate con noi sui nostri canali di social media, condividete le vostre esperienze e contribuite al continuo miglioramento dei nostri servizi.<\/p>\n<\/div>\n<p><!-- Looking Ahead Section --><\/p>\n<div class=\"about-section\">\n<h2>Guardare avanti<\/h2>\n<p>Mentre continuiamo a crescere, la nostra attenzione rimane rivolta all'espansione delle nostre capacit\u00e0 e al perfezionamento dei nostri servizi per servirvi meglio. Siamo entusiasti del futuro e dell'opportunit\u00e0 di innovare ulteriormente, garantendo che <strong>YouTubeMP4Free.com<\/strong> rimane la destinazione ideale per tutte le vostre esigenze di conversione video.<\/p>\n<\/div>\n<\/div>\n<\/section>","protected":false},"excerpt":{"rendered":"<p>La nostra missione In YouTubeMP4Free.com, la nostra missione \u00e8 quella di fornire una piattaforma efficiente e senza soluzione di continuit\u00e0 per la conversione dei video di YouTube in formato MP4. Siamo consapevoli della necessit\u00e0 di strumenti di conversione accessibili e di alta qualit\u00e0 e ci impegniamo a fornire un servizio affidabile e di facile utilizzo. Chi siamo Siamo un team di sviluppatori appassionati [...]<\/p>","protected":false},"author":1,"featured_media":0,"parent":0,"menu_order":0,"comment_status":"closed","ping_status":"closed","template":"","meta":{"footnotes":""},"class_list":["post-36","page","type-page","status-publish","hentry"],"_links":{"self":[{"href":"https:\/\/youtubemp4free.com\/it\/wp-json\/wp\/v2\/pages\/36","targetHints":{"allow":["GET"]}}],"collection":[{"href":"https:\/\/youtubemp4free.com\/it\/wp-json\/wp\/v2\/pages"}],"about":[{"href":"https:\/\/youtubemp4free.com\/it\/wp-json\/wp\/v2\/types\/page"}],"author":[{"embeddable":true,"href":"https:\/\/youtubemp4free.com\/it\/wp-json\/wp\/v2\/users\/1"}],"replies":[{"embeddable":true,"href":"https:\/\/youtubemp4free.com\/it\/wp-json\/wp\/v2\/comments?post=36"}],"version-history":[{"count":0,"href":"https:\/\/youtubemp4free.com\/it\/wp-json\/wp\/v2\/pages\/36\/revisions"}],"wp:attachment":[{"href":"https:\/\/youtubemp4free.com\/it\/wp-json\/wp\/v2\/media?parent=36"}],"curies":[{"name":"wp","href":"https:\/\/api.w.org\/{rel}","templated":true}]}}