{"id":8,"date":"2024-09-26T06:58:19","date_gmt":"2024-09-26T06:58:19","guid":{"rendered":"https:\/\/youtubemp4free.com\/?page_id=8"},"modified":"2024-09-27T08:55:22","modified_gmt":"2024-09-27T08:55:22","slug":"terms-of-service","status":"publish","type":"page","link":"https:\/\/youtubemp4free.com\/pt\/terms-of-service\/","title":{"rendered":"Termos de Servi\u00e7o"},"content":{"rendered":"<p><!-- Terms of Service Page for YouTubeMP4Free.com --><\/p>\n<section class=\"terms-of-service\">\n<div class=\"container\"><!-- Page Title --><!-- Effective Date --><\/p>\n<p><strong>Data de vig\u00eancia:<\/strong> 26 de julho de 2024<\/p>\n<p><!-- 1. Introduction --><\/p>\n<div class=\"tos-section\">\n<h2>1. Introdu\u00e7\u00e3o<\/h2>\n<p>Bem-vindo ao <strong>YouTubeMP4Free.com<\/strong> (\"n\u00f3s\", \"nosso\", \"nos\"). Estes Termos de Servi\u00e7o (\"Termos\") regem seu acesso e uso de nosso site e servi\u00e7os (coletivamente, o \"Servi\u00e7o\"). Ao acessar ou usar nosso Servi\u00e7o, voc\u00ea concorda em cumprir e se vincular a estes Termos. Se voc\u00ea n\u00e3o concordar com estes Termos, n\u00e3o use nosso Servi\u00e7o.<\/p>\n<\/div>\n<p><!-- 2. Use of the Service --><\/p>\n<div class=\"tos-section\">\n<h2>2. Uso do servi\u00e7o<\/h2>\n<h3>2.1 Elegibilidade<\/h3>\n<p>Voc\u00ea deve ter pelo menos 13 anos de idade para usar nosso Servi\u00e7o. Ao usar o Servi\u00e7o, voc\u00ea declara e garante que atende a essa exig\u00eancia de idade.<\/p>\n<h3>2.2 Licen\u00e7a<\/h3>\n<p>Concedemos a voc\u00ea uma licen\u00e7a limitada, n\u00e3o exclusiva, intransfer\u00edvel e revog\u00e1vel para usar o Servi\u00e7o de acordo com estes Termos.<\/p>\n<h3>2.3 Restri\u00e7\u00f5es<\/h3>\n<p>Voc\u00ea concorda em n\u00e3o faz\u00ea-lo:<\/p>\n<ul>\n<li>Usar o Servi\u00e7o para qualquer finalidade ilegal ou em viola\u00e7\u00e3o de quaisquer leis e regulamentos aplic\u00e1veis.<\/li>\n<li>Modificar, adaptar, traduzir ou criar trabalhos derivados com base no Servi\u00e7o.<\/li>\n<li>Fazer engenharia reversa, descompilar, desmontar ou tentar descobrir o c\u00f3digo-fonte do Servi\u00e7o.<\/li>\n<li>Usar o Servi\u00e7o para infringir os direitos de propriedade intelectual de terceiros.<\/li>\n<li>Transmitir qualquer conte\u00fado nocivo ou malicioso por meio do Servi\u00e7o.<\/li>\n<\/ul>\n<\/div>\n<p><!-- 3. User Content --><\/p>\n<div class=\"tos-section\">\n<h2>3. Conte\u00fado do usu\u00e1rio<\/h2>\n<h3>3.1 Responsabilidade<\/h3>\n<p>Voc\u00ea \u00e9 o \u00fanico respons\u00e1vel por qualquer conte\u00fado que carregue, compartilhe ou transmita por meio do Servi\u00e7o. Isso inclui garantir que voc\u00ea tenha os direitos e as permiss\u00f5es necess\u00e1rios para usar e compartilhar esse conte\u00fado.<\/p>\n<h3>3.2 Conte\u00fado proibido<\/h3>\n<p>Voc\u00ea concorda em n\u00e3o fazer upload, compartilhar ou transmitir qualquer conte\u00fado que:<\/p>\n<ul>\n<li>Infringir os direitos de propriedade intelectual de terceiros.<\/li>\n<li>Cont\u00e9m v\u00edrus, malware ou outros componentes prejudiciais.<\/li>\n<li>Seja difamat\u00f3rio, obsceno ou ofensivo.<\/li>\n<li>Viola quaisquer leis ou regulamentos aplic\u00e1veis.<\/li>\n<\/ul>\n<\/div>\n<p><!-- 4. Intellectual Property --><\/p>\n<div class=\"tos-section\">\n<h2>4. Propriedade intelectual<\/h2>\n<p>Todo o conte\u00fado, os recursos e a funcionalidade do Servi\u00e7o, incluindo, entre outros, texto, gr\u00e1ficos, logotipos e software, s\u00e3o de propriedade exclusiva da <strong>YouTubeMP4Free.com<\/strong> ou de seus licenciadores e s\u00e3o protegidos por leis internacionais de direitos autorais, marcas registradas e outras leis de propriedade intelectual.<\/p>\n<\/div>\n<p><!-- 5. Disclaimer of Warranties --><\/p>\n<div class=\"tos-section\">\n<h2>5. Isen\u00e7\u00e3o de garantias<\/h2>\n<p>O Servi\u00e7o \u00e9 fornecido \"no estado em que se encontra\" e \"conforme dispon\u00edvel\", sem garantias de qualquer tipo, expressas ou impl\u00edcitas. N\u00e3o garantimos que o Servi\u00e7o ser\u00e1 ininterrupto, livre de erros ou livre de v\u00edrus ou outros componentes prejudiciais.<\/p>\n<\/div>\n<p><!-- 6. Limitation of Liability --><\/p>\n<div class=\"tos-section\">\n<h2>6. Limita\u00e7\u00e3o de responsabilidade<\/h2>\n<p>At\u00e9 o limite m\u00e1ximo permitido por lei, <strong>YouTubeMP4Free.com<\/strong> n\u00e3o ser\u00e1 respons\u00e1vel por quaisquer danos indiretos, incidentais, especiais, consequenciais ou punitivos, incluindo, mas n\u00e3o se limitando a, perda de lucros, dados ou outras perdas intang\u00edveis, resultantes de:<\/p>\n<ul>\n<li>Seu uso ou incapacidade de usar o Servi\u00e7o.<\/li>\n<li>Qualquer acesso n\u00e3o autorizado ou uso de nossos servidores e\/ou qualquer informa\u00e7\u00e3o pessoal armazenada neles.<\/li>\n<li>Quaisquer bugs, v\u00edrus ou outros componentes prejudiciais que possam infectar seu dispositivo.<\/li>\n<\/ul>\n<\/div>\n<p><!-- 7. Indemnification --><\/p>\n<div class=\"tos-section\">\n<h2>7. Indeniza\u00e7\u00e3o<\/h2>\n<p>Voc\u00ea concorda em indenizar, defender e isentar de responsabilidade <strong>YouTubeMP4Free.com<\/strong>A empresa, seus afiliados, executivos, diretores, funcion\u00e1rios e agentes de e contra todas e quaisquer reivindica\u00e7\u00f5es, responsabilidades, danos, perdas e despesas, incluindo honor\u00e1rios advocat\u00edcios e custos razo\u00e1veis, decorrentes de ou de alguma forma relacionados ao seu acesso ou uso do Servi\u00e7o.<\/p>\n<\/div>\n<p><!-- 8. Termination --><\/p>\n<div class=\"tos-section\">\n<h2>8. Rescis\u00e3o<\/h2>\n<p>Reservamo-nos o direito de suspender ou encerrar seu acesso ao Servi\u00e7o, sem aviso pr\u00e9vio ou responsabilidade, por qualquer motivo, inclusive se voc\u00ea violar estes Termos. Ap\u00f3s a rescis\u00e3o, seu direito de usar o Servi\u00e7o cessar\u00e1 imediatamente.<\/p>\n<\/div>\n<p><!-- 9. Governing Law --><\/p>\n<div class=\"tos-section\">\n<h2>9. Legisla\u00e7\u00e3o aplic\u00e1vel<\/h2>\n<p>Estes Termos ser\u00e3o regidos e interpretados de acordo com as leis de [seu pa\u00eds\/estado], sem levar em conta suas disposi\u00e7\u00f5es sobre conflitos de leis.<\/p>\n<\/div>\n<p><!-- 10. Changes to the Terms --><\/p>\n<div class=\"tos-section\">\n<h2>10. Altera\u00e7\u00f5es nos Termos<\/h2>\n<p>Reservamo-nos o direito de modificar ou substituir estes Termos a qualquer momento. Se uma revis\u00e3o for relevante, forneceremos um aviso pr\u00e9vio de pelo menos 30 dias antes da entrada em vigor dos novos termos. O que constitui uma altera\u00e7\u00e3o substancial ser\u00e1 determinado a nosso crit\u00e9rio exclusivo. Ao continuar a acessar ou usar o nosso Servi\u00e7o depois que essas revis\u00f5es entrarem em vigor, voc\u00ea concorda em ficar vinculado aos Termos revisados.<\/p>\n<\/div>\n<p><!-- 11. Contact Us --><\/p>\n<div class=\"tos-section\">\n<h2>11. Entre em contato conosco<\/h2>\n<p>Se tiver alguma d\u00favida sobre estes Termos, entre em contato conosco:<\/p>\n<ul>\n<li><strong>E-mail:<\/strong> <a href=\"mailto:support@youtubemp4free.com\">support@youtubemp4free.com<\/a><\/li>\n<\/ul>\n<\/div>\n<p><!-- 12. Acknowledgment --><\/p>\n<div class=\"tos-section\">\n<h2>12. Agradecimento<\/h2>\n<p>Ao usar o nosso Servi\u00e7o, voc\u00ea reconhece que leu estes Termos de Servi\u00e7o e concorda em ficar vinculado a eles.<\/p>\n<\/div>\n<\/div>\n<\/section>","protected":false},"excerpt":{"rendered":"<p>Data de vig\u00eancia: 26 de julho de 2024 1. Introdu\u00e7\u00e3o Bem-vindo ao YouTubeMP4Free.com (\"n\u00f3s\", \"nosso\", \"nos\"). Estes Termos de Servi\u00e7o (\"Termos\") regem seu acesso e uso de nosso site e servi\u00e7os (coletivamente, o \"Servi\u00e7o\"). Ao acessar ou usar nosso Servi\u00e7o, voc\u00ea concorda em cumprir e estar vinculado a estes Termos. Se voc\u00ea n\u00e3o concordar com [...]<\/p>","protected":false},"author":1,"featured_media":0,"parent":0,"menu_order":0,"comment_status":"closed","ping_status":"closed","template":"","meta":{"footnotes":""},"class_list":["post-8","page","type-page","status-publish","hentry"],"_links":{"self":[{"href":"https:\/\/youtubemp4free.com\/pt\/wp-json\/wp\/v2\/pages\/8","targetHints":{"allow":["GET"]}}],"collection":[{"href":"https:\/\/youtubemp4free.com\/pt\/wp-json\/wp\/v2\/pages"}],"about":[{"href":"https:\/\/youtubemp4free.com\/pt\/wp-json\/wp\/v2\/types\/page"}],"author":[{"embeddable":true,"href":"https:\/\/youtubemp4free.com\/pt\/wp-json\/wp\/v2\/users\/1"}],"replies":[{"embeddable":true,"href":"https:\/\/youtubemp4free.com\/pt\/wp-json\/wp\/v2\/comments?post=8"}],"version-history":[{"count":0,"href":"https:\/\/youtubemp4free.com\/pt\/wp-json\/wp\/v2\/pages\/8\/revisions"}],"wp:attachment":[{"href":"https:\/\/youtubemp4free.com\/pt\/wp-json\/wp\/v2\/media?parent=8"}],"curies":[{"name":"wp","href":"https:\/\/api.w.org\/{rel}","templated":true}]}}