{"id":9,"date":"2024-09-26T06:59:05","date_gmt":"2024-09-26T06:59:05","guid":{"rendered":"https:\/\/youtubemp4free.com\/?page_id=9"},"modified":"2024-09-27T13:44:10","modified_gmt":"2024-09-27T13:44:10","slug":"contact-us","status":"publish","type":"page","link":"https:\/\/youtubemp4free.com\/pt\/contact-us\/","title":{"rendered":"Entre em contato conosco"},"content":{"rendered":"<p><!-- Contact Us Page for YouTubeMP4Free.com --><\/p>\n<section class=\"contact-us\">\n<div class=\"container\"><!-- Page Title --><!-- Introduction -->Estamos aqui para ajudar! Se voc\u00ea tiver d\u00favidas, coment\u00e1rios ou precisar de ajuda com nossos servi\u00e7os, sinta-se \u00e0 vontade para entrar em contato por meio de qualquer um dos m\u00e9todos a seguir. Nossa equipe est\u00e1 empenhada em fornecer o suporte de que voc\u00ea precisa.<!-- Email Us Section --><\/p>\n<div class=\"contact-section\">\n<h2>Envie-nos um e-mail<\/h2>\n<p>Para qualquer d\u00favida ou solicita\u00e7\u00e3o de suporte, envie-nos um e-mail para:<\/p>\n<p><a href=\"mailto:support@youtubemp4free.com\">support@youtubemp4free.com<\/a><\/p>\n<p>N\u00f3s nos esfor\u00e7amos para responder a todos os e-mails dentro de 24 a 48 horas nos dias \u00fateis.<\/p>\n<\/div>\n<p><!-- Connect on Social Media Section --><\/p>\n<div class=\"contact-section\">\n<h2>Conecte-se nas m\u00eddias sociais<\/h2>\n<p>Mantenha-se atualizado e conecte-se conosco por meio de nossos canais de m\u00eddia social:<\/p>\n<ul>\n<li><strong>Facebook:<\/strong> <a href=\"https:\/\/www.facebook.com\/YouTubeMP4Free\" target=\"_blank\" rel=\"noopener\">facebook.com\/YouTubeMP4Free<\/a><\/li>\n<li><strong>Twitter:<\/strong> <a href=\"https:\/\/twitter.com\/YouTubeMP4Free\" target=\"_blank\" rel=\"noopener\">@YouTubeMP4Free<\/a><\/li>\n<li><strong>Instagram:<\/strong> <a href=\"https:\/\/instagram.com\/YouTubeMP4Free\" target=\"_blank\" rel=\"noopener\">instagram.com\/YouTubeMP4Free<\/a><\/li>\n<\/ul>\n<p>Sinta-se \u00e0 vontade para nos enviar uma mensagem ou nos marcar em suas postagens - adorar\u00edamos saber sua opini\u00e3o!<\/p>\n<\/div>\n<p><!-- Frequently Asked Questions Section --><\/p>\n<div class=\"contact-section\">\n<h2>Perguntas frequentes (FAQ)<\/h2>\n<p>Antes de entrar em contato, voc\u00ea pode encontrar respostas para perguntas comuns em nosso <a href=\"https:\/\/youtubemp4free.com\/pt\/faq\/\">Se\u00e7\u00e3o de perguntas frequentes<\/a>. Ele abrange uma s\u00e9rie de t\u00f3picos para ajud\u00e1-lo a aproveitar ao m\u00e1ximo nossos servi\u00e7os.<\/p>\n<\/div>\n<p><!-- Join Our Community Section --><\/p>\n<div class=\"contact-section\">\n<h2>Participe de nossa comunidade<\/h2>\n<p>Interaja com outros usu\u00e1rios e mantenha-se informado sobre as \u00faltimas atualiza\u00e7\u00f5es participando de nossa comunidade:<\/p>\n<ul>\n<li><strong>Disc\u00f3rdia:<\/strong> <a href=\"https:\/\/discord.gg\/YouTubeMP4Free\" target=\"_blank\" rel=\"noopener\">discord.gg\/YouTubeMP4Free<\/a><\/li>\n<li><strong>Reddit:<\/strong> <a href=\"https:\/\/reddit.com\/r\/YouTubeMP4Free\" target=\"_blank\" rel=\"noopener\">reddit.com\/r\/YouTubeMP4Free<\/a><\/li>\n<\/ul>\n<\/div>\n<p><!-- Feedback and Suggestions Section --><\/p>\n<div class=\"contact-section\">\n<h2>Coment\u00e1rios e sugest\u00f5es<\/h2>\n<p>Seu feedback nos ajuda a melhorar! Se tiver alguma sugest\u00e3o ou ideia sobre como podemos aprimorar nossos servi\u00e7os, informe-nos por e-mail ou por nossos canais de m\u00eddia social.<\/p>\n<\/div>\n<p><!-- Our Address Section --><\/p>\n<div class=\"contact-section\">\n<h2>Nosso endere\u00e7o<\/h2>\n<p>Embora operemos principalmente on-line, voc\u00ea pode encontrar mais informa\u00e7\u00f5es sobre nossa equipe e miss\u00e3o em nosso site <a href=\"https:\/\/youtubemp4free.com\/pt\/about-us\/\" data-wplink-url-error=\"true\">Sobre n\u00f3s<\/a> p\u00e1gina.<\/p>\n<\/div>\n<p><!-- Why Choose Us Section --><\/p>\n<div class=\"contact-section\">\n<h2>Por que nos escolher?<\/h2>\n<p>Em <strong>YouTubeMP4Free.com<\/strong>priorizamos a experi\u00eancia do usu\u00e1rio e nos esfor\u00e7amos para oferecer os melhores servi\u00e7os de convers\u00e3o de YouTube para MP4. Sua satisfa\u00e7\u00e3o<\/p>\n<\/div>\n<\/div>\n<\/section>","protected":false},"excerpt":{"rendered":"<p>Estamos aqui para ajudar! Se voc\u00ea tiver d\u00favidas, coment\u00e1rios ou precisar de ajuda com nossos servi\u00e7os, sinta-se \u00e0 vontade para entrar em contato por meio de qualquer um dos m\u00e9todos a seguir. Nossa equipe est\u00e1 empenhada em fornecer o suporte de que voc\u00ea precisa. Envie-nos um e-mail Para quaisquer d\u00favidas ou solicita\u00e7\u00f5es de suporte, envie-nos um e-mail para: support@youtubemp4free.com N\u00f3s nos esfor\u00e7amos para responder [...]<\/p>","protected":false},"author":1,"featured_media":0,"parent":0,"menu_order":0,"comment_status":"closed","ping_status":"closed","template":"","meta":{"footnotes":""},"class_list":["post-9","page","type-page","status-publish","hentry"],"_links":{"self":[{"href":"https:\/\/youtubemp4free.com\/pt\/wp-json\/wp\/v2\/pages\/9","targetHints":{"allow":["GET"]}}],"collection":[{"href":"https:\/\/youtubemp4free.com\/pt\/wp-json\/wp\/v2\/pages"}],"about":[{"href":"https:\/\/youtubemp4free.com\/pt\/wp-json\/wp\/v2\/types\/page"}],"author":[{"embeddable":true,"href":"https:\/\/youtubemp4free.com\/pt\/wp-json\/wp\/v2\/users\/1"}],"replies":[{"embeddable":true,"href":"https:\/\/youtubemp4free.com\/pt\/wp-json\/wp\/v2\/comments?post=9"}],"version-history":[{"count":0,"href":"https:\/\/youtubemp4free.com\/pt\/wp-json\/wp\/v2\/pages\/9\/revisions"}],"wp:attachment":[{"href":"https:\/\/youtubemp4free.com\/pt\/wp-json\/wp\/v2\/media?parent=9"}],"curies":[{"name":"wp","href":"https:\/\/api.w.org\/{rel}","templated":true}]}}